{"id":2951,"date":"2020-01-20T17:05:31","date_gmt":"2020-01-20T16:05:31","guid":{"rendered":"https:\/\/madras-editing.com\/?page_id=2951"},"modified":"2025-09-25T10:14:09","modified_gmt":"2025-09-25T08:14:09","slug":"contact","status":"publish","type":"page","link":"https:\/\/madras-editing.com\/web\/contact\/","title":{"rendered":"Contact"},"content":{"rendered":"<div class=\"wpb-content-wrapper\">[vc_row row_type=\u00a0\u00bbrow\u00a0\u00bb use_row_as_full_screen_section=\u00a0\u00bbno\u00a0\u00bb type=\u00a0\u00bbfull_width\u00a0\u00bb text_align=\u00a0\u00bbleft\u00a0\u00bb background_animation=\u00a0\u00bbnone\u00a0\u00bb css_animation=\u00a0\u00bb\u00a0\u00bb][vc_column][vc_column_text css=\u00a0\u00bb\u00a0\u00bb]\r\n<h3><span style=\"color: #ff6600;\"><strong>Votre partenaire \u00e9ditorial \u00e0 Paris et Bordeaux<\/strong><\/span><\/h3>\r\n&nbsp;\r\n<p style=\"text-align: left; font-size: 20px; line-height: 1.6;\"><strong>Votre interlocutrice : Yona Rodrigues<\/strong><\/p>\r\n<strong>Email : contact@madras-editing.com<\/strong>\r\n<strong>T\u00e9l. : 07 49 52 54 08<\/strong>[\/vc_column_text][vc_empty_space][vc_row_inner row_type=\u00a0\u00bbrow\u00a0\u00bb type=\u00a0\u00bbfull_width\u00a0\u00bb use_row_as_full_screen_section_slide=\u00a0\u00bbno\u00a0\u00bb text_align=\u00a0\u00bbleft\u00a0\u00bb css_animation=\u00a0\u00bb\u00a0\u00bb background_color=\u00a0\u00bb#ff6600&Prime;][vc_column_inner][vc_empty_space]\n<div class=\"wpcf7 no-js\" id=\"wpcf7-f2956-o1\" lang=\"fr-FR\" dir=\"ltr\" data-wpcf7-id=\"2956\">\n<div class=\"screen-reader-response\"><p role=\"status\" aria-live=\"polite\" aria-atomic=\"true\"><\/p> <ul><\/ul><\/div>\n<form action=\"\/web\/wp-json\/wp\/v2\/pages\/2951#wpcf7-f2956-o1\" method=\"post\" class=\"wpcf7-form init cf7_custom_style_1\" aria-label=\"Formulaire de contact\" novalidate=\"novalidate\" data-status=\"init\">\n<fieldset class=\"hidden-fields-container\"><input type=\"hidden\" name=\"_wpcf7\" value=\"2956\" \/><input type=\"hidden\" name=\"_wpcf7_version\" value=\"6.1.1\" \/><input type=\"hidden\" name=\"_wpcf7_locale\" value=\"fr_FR\" \/><input type=\"hidden\" name=\"_wpcf7_unit_tag\" value=\"wpcf7-f2956-o1\" \/><input type=\"hidden\" name=\"_wpcf7_container_post\" value=\"0\" \/><input type=\"hidden\" name=\"_wpcf7_posted_data_hash\" value=\"\" \/>\n<\/fieldset>\n<p><span class=\"wpcf7-form-control-wrap\" data-name=\"your-name\"><input size=\"40\" maxlength=\"400\" class=\"wpcf7-form-control wpcf7-text wpcf7-validates-as-required\" aria-required=\"true\" aria-invalid=\"false\" placeholder=\"Nom*\" value=\"\" type=\"text\" name=\"your-name\" \/><\/span><br \/>\n<span class=\"wpcf7-form-control-wrap\" data-name=\"your-prenom\"><input size=\"40\" maxlength=\"400\" class=\"wpcf7-form-control wpcf7-text wpcf7-validates-as-required\" aria-required=\"true\" aria-invalid=\"false\" placeholder=\"Pr\u00e9nom*\" value=\"\" type=\"text\" name=\"your-prenom\" \/><\/span><br \/>\n<span class=\"wpcf7-form-control-wrap\" data-name=\"your-email\"><input size=\"40\" maxlength=\"400\" class=\"wpcf7-form-control wpcf7-email wpcf7-validates-as-required wpcf7-text wpcf7-validates-as-email\" aria-required=\"true\" aria-invalid=\"false\" placeholder=\"Email*\" value=\"\" type=\"email\" name=\"your-email\" \/><\/span>\n<\/p>\n<p><span class=\"wpcf7-form-control-wrap\" data-name=\"your-subject\"><input size=\"40\" maxlength=\"400\" class=\"wpcf7-form-control wpcf7-text\" aria-invalid=\"false\" placeholder=\"Sujet\" value=\"\" type=\"text\" name=\"your-subject\" \/><\/span><br \/>\n<span class=\"wpcf7-form-control-wrap\" data-name=\"your-message\"><textarea cols=\"40\" rows=\"10\" maxlength=\"2000\" class=\"wpcf7-form-control wpcf7-textarea\" aria-invalid=\"false\" placeholder=\"Message\" name=\"your-message\"><\/textarea><\/span><br \/>\n<div id=\"cf7sr-69f745721f155\" class=\"cf7sr-g-recaptcha\" data-theme=\"light\" data-type=\"image\" data-size=\"normal\" data-sitekey=\"6LdJT9EUAAAAACMIGBLzAWg-nGv-ut8rmWB9laaN\"><\/div><span class=\"wpcf7-form-control-wrap cf7sr-recaptcha\" data-name=\"cf7sr-recaptcha\"><input type=\"hidden\" name=\"cf7sr-recaptcha\" value=\"\" class=\"wpcf7-form-control\"><\/span><br \/>\n<span class=\"wpcf7-form-control-wrap\" data-name=\"acceptance-737\"><span class=\"wpcf7-form-control wpcf7-acceptance\"><span class=\"wpcf7-list-item\"><label><input type=\"checkbox\" name=\"acceptance-737\" value=\"1\" aria-invalid=\"false\" \/><span class=\"wpcf7-list-item-label\">J'accepte de recevoir vos e-mails et confirme avoir pris connaissance de votre <a href=\" https:\/\/madras-editing.com\/politique-de-confidentialite\/ \">politique de confidentialit\u00e9<\/a> et <a href=\" https:\/\/madras-editing.com\/mentions-legales\/\">mentions l\u00e9gales<\/a><\/span><\/label><\/span><\/span><\/span><br \/>\n<input class=\"wpcf7-form-control wpcf7-submit has-spinner button larfe green\" type=\"submit\" value=\"Envoyer\" \/>\n<\/p><div class=\"wpcf7-response-output\" aria-hidden=\"true\"><\/div>\n<\/form>\n<\/div>\n[vc_empty_space][\/vc_column_inner][\/vc_row_inner][\/vc_column][\/vc_row][vc_row row_type=\u00a0\u00bbrow\u00a0\u00bb use_row_as_full_screen_section=\u00a0\u00bbno\u00a0\u00bb type=\u00a0\u00bbfull_width\u00a0\u00bb text_align=\u00a0\u00bbleft\u00a0\u00bb background_animation=\u00a0\u00bbnone\u00a0\u00bb css_animation=\u00a0\u00bb\u00a0\u00bb][vc_column][vc_empty_space height=\u00a0\u00bb52px\u00a0\u00bb][\/vc_column][\/vc_row]<\/div>","protected":false},"excerpt":{"rendered":"<p>[vc_row row_type=\u00a0\u00bbrow\u00a0\u00bb use_row_as_full_screen_section=\u00a0\u00bbno\u00a0\u00bb type=\u00a0\u00bbfull_width\u00a0\u00bb text_align=\u00a0\u00bbleft\u00a0\u00bb background_animation=\u00a0\u00bbnone\u00a0\u00bb css_animation=\u00a0\u00bb\u00a0\u00bb][vc_column][vc_column_text css=\u00a0\u00bb\u00a0\u00bb] Votre partenaire \u00e9ditorial \u00e0 Paris et Bordeaux &nbsp; Votre interlocutrice : Yona Rodrigues Email : contact@madras-editing.com T\u00e9l. : 07 49 52 54 08[\/vc_column_text][vc_empty_space][vc_row_inner row_type=\u00a0\u00bbrow\u00a0\u00bb type=\u00a0\u00bbfull_width\u00a0\u00bb use_row_as_full_screen_section_slide=\u00a0\u00bbno\u00a0\u00bb text_align=\u00a0\u00bbleft\u00a0\u00bb css_animation=\u00a0\u00bb\u00a0\u00bb background_color=\u00a0\u00bb#ff6600&Prime;][vc_column_inner][vc_empty_space][vc_empty_space][\/vc_column_inner][\/vc_row_inner][\/vc_column][\/vc_row][vc_row row_type=\u00a0\u00bbrow\u00a0\u00bb use_row_as_full_screen_section=\u00a0\u00bbno\u00a0\u00bb type=\u00a0\u00bbfull_width\u00a0\u00bb text_align=\u00a0\u00bbleft\u00a0\u00bb background_animation=\u00a0\u00bbnone\u00a0\u00bb css_animation=\u00a0\u00bb\u00a0\u00bb][vc_column][vc_empty_space height=\u00a0\u00bb52px\u00a0\u00bb][\/vc_column][\/vc_row]<\/p>\n","protected":false},"author":10,"featured_media":0,"parent":0,"menu_order":0,"comment_status":"closed","ping_status":"closed","template":"","meta":{"_monsterinsights_skip_tracking":false,"_monsterinsights_sitenote_active":false,"_monsterinsights_sitenote_note":"","_monsterinsights_sitenote_category":0,"footnotes":""},"class_list":["post-2951","page","type-page","status-publish","hentry"],"yoast_head":"<!-- This site is optimized with the Yoast SEO plugin v26.0 - https:\/\/yoast.com\/wordpress\/plugins\/seo\/ -->\n<title>Contact - Madras Editing<\/title>\n<meta name=\"description\" content=\"Vous avez une id\u00e9e, un projet ou une demande\u00a0? Vous souhaitez donner du caract\u00e8re \u00e0 votre \u00e9ditorial et pimper vos contenus\u00a0? Parlez-nous en\u00a0!\" \/>\n<meta name=\"robots\" content=\"index, follow, max-snippet:-1, max-image-preview:large, max-video-preview:-1\" \/>\n<link rel=\"canonical\" href=\"https:\/\/madras-editing.com\/web\/contact\/\" \/>\n<meta property=\"og:locale\" content=\"fr_FR\" \/>\n<meta property=\"og:type\" content=\"article\" \/>\n<meta property=\"og:title\" content=\"Contact - Madras Editing\" \/>\n<meta property=\"og:description\" content=\"Vous avez une id\u00e9e, un projet ou une demande\u00a0? Vous souhaitez donner du caract\u00e8re \u00e0 votre \u00e9ditorial et pimper vos contenus\u00a0? Parlez-nous en\u00a0!\" \/>\n<meta property=\"og:url\" content=\"https:\/\/madras-editing.com\/web\/contact\/\" \/>\n<meta property=\"og:site_name\" content=\"Madras Editing\" \/>\n<meta property=\"article:modified_time\" content=\"2025-09-25T08:14:09+00:00\" \/>\n<meta name=\"twitter:card\" content=\"summary_large_image\" \/>\n<meta name=\"twitter:label1\" content=\"Dur\u00e9e de lecture estim\u00e9e\" \/>\n\t<meta name=\"twitter:data1\" content=\"1 minute\" \/>\n<script type=\"application\/ld+json\" class=\"yoast-schema-graph\">{\"@context\":\"https:\/\/schema.org\",\"@graph\":[{\"@type\":\"WebPage\",\"@id\":\"https:\/\/madras-editing.com\/web\/contact\/\",\"url\":\"https:\/\/madras-editing.com\/web\/contact\/\",\"name\":\"Contact - Madras Editing\",\"isPartOf\":{\"@id\":\"https:\/\/madras-editing.com\/web\/#website\"},\"datePublished\":\"2020-01-20T16:05:31+00:00\",\"dateModified\":\"2025-09-25T08:14:09+00:00\",\"description\":\"Vous avez une id\u00e9e, un projet ou une demande\u00a0? Vous souhaitez donner du caract\u00e8re \u00e0 votre \u00e9ditorial et pimper vos contenus\u00a0? Parlez-nous en\u00a0!\",\"breadcrumb\":{\"@id\":\"https:\/\/madras-editing.com\/web\/contact\/#breadcrumb\"},\"inLanguage\":\"fr-FR\",\"potentialAction\":[{\"@type\":\"ReadAction\",\"target\":[\"https:\/\/madras-editing.com\/web\/contact\/\"]}]},{\"@type\":\"BreadcrumbList\",\"@id\":\"https:\/\/madras-editing.com\/web\/contact\/#breadcrumb\",\"itemListElement\":[{\"@type\":\"ListItem\",\"position\":1,\"name\":\"Accueil\",\"item\":\"https:\/\/madras-editing.com\/web\/\"},{\"@type\":\"ListItem\",\"position\":2,\"name\":\"Contact\"}]},{\"@type\":\"WebSite\",\"@id\":\"https:\/\/madras-editing.com\/web\/#website\",\"url\":\"https:\/\/madras-editing.com\/web\/\",\"name\":\"Madras Editing\",\"description\":\"L\u2019\u00e9ditorial strat\u00e9gique\",\"publisher\":{\"@id\":\"https:\/\/madras-editing.com\/web\/#organization\"},\"potentialAction\":[{\"@type\":\"SearchAction\",\"target\":{\"@type\":\"EntryPoint\",\"urlTemplate\":\"https:\/\/madras-editing.com\/web\/?s={search_term_string}\"},\"query-input\":{\"@type\":\"PropertyValueSpecification\",\"valueRequired\":true,\"valueName\":\"search_term_string\"}}],\"inLanguage\":\"fr-FR\"},{\"@type\":\"Organization\",\"@id\":\"https:\/\/madras-editing.com\/web\/#organization\",\"name\":\"Madras Editing\",\"url\":\"https:\/\/madras-editing.com\/web\/\",\"logo\":{\"@type\":\"ImageObject\",\"inLanguage\":\"fr-FR\",\"@id\":\"https:\/\/madras-editing.com\/web\/#\/schema\/logo\/image\/\",\"url\":\"https:\/\/madras-editing.com\/wp-content\/uploads\/2020\/01\/madras-logo.png\",\"contentUrl\":\"https:\/\/madras-editing.com\/wp-content\/uploads\/2020\/01\/madras-logo.png\",\"width\":488,\"height\":175,\"caption\":\"Madras Editing\"},\"image\":{\"@id\":\"https:\/\/madras-editing.com\/web\/#\/schema\/logo\/image\/\"}}]}<\/script>\n<!-- \/ Yoast SEO plugin. -->","yoast_head_json":{"title":"Contact - Madras Editing","description":"Vous avez une id\u00e9e, un projet ou une demande\u00a0? Vous souhaitez donner du caract\u00e8re \u00e0 votre \u00e9ditorial et pimper vos contenus\u00a0? Parlez-nous en\u00a0!","robots":{"index":"index","follow":"follow","max-snippet":"max-snippet:-1","max-image-preview":"max-image-preview:large","max-video-preview":"max-video-preview:-1"},"canonical":"https:\/\/madras-editing.com\/web\/contact\/","og_locale":"fr_FR","og_type":"article","og_title":"Contact - Madras Editing","og_description":"Vous avez une id\u00e9e, un projet ou une demande\u00a0? Vous souhaitez donner du caract\u00e8re \u00e0 votre \u00e9ditorial et pimper vos contenus\u00a0? Parlez-nous en\u00a0!","og_url":"https:\/\/madras-editing.com\/web\/contact\/","og_site_name":"Madras Editing","article_modified_time":"2025-09-25T08:14:09+00:00","twitter_card":"summary_large_image","twitter_misc":{"Dur\u00e9e de lecture estim\u00e9e":"1 minute"},"schema":{"@context":"https:\/\/schema.org","@graph":[{"@type":"WebPage","@id":"https:\/\/madras-editing.com\/web\/contact\/","url":"https:\/\/madras-editing.com\/web\/contact\/","name":"Contact - Madras Editing","isPartOf":{"@id":"https:\/\/madras-editing.com\/web\/#website"},"datePublished":"2020-01-20T16:05:31+00:00","dateModified":"2025-09-25T08:14:09+00:00","description":"Vous avez une id\u00e9e, un projet ou une demande\u00a0? Vous souhaitez donner du caract\u00e8re \u00e0 votre \u00e9ditorial et pimper vos contenus\u00a0? Parlez-nous en\u00a0!","breadcrumb":{"@id":"https:\/\/madras-editing.com\/web\/contact\/#breadcrumb"},"inLanguage":"fr-FR","potentialAction":[{"@type":"ReadAction","target":["https:\/\/madras-editing.com\/web\/contact\/"]}]},{"@type":"BreadcrumbList","@id":"https:\/\/madras-editing.com\/web\/contact\/#breadcrumb","itemListElement":[{"@type":"ListItem","position":1,"name":"Accueil","item":"https:\/\/madras-editing.com\/web\/"},{"@type":"ListItem","position":2,"name":"Contact"}]},{"@type":"WebSite","@id":"https:\/\/madras-editing.com\/web\/#website","url":"https:\/\/madras-editing.com\/web\/","name":"Madras Editing","description":"L\u2019\u00e9ditorial strat\u00e9gique","publisher":{"@id":"https:\/\/madras-editing.com\/web\/#organization"},"potentialAction":[{"@type":"SearchAction","target":{"@type":"EntryPoint","urlTemplate":"https:\/\/madras-editing.com\/web\/?s={search_term_string}"},"query-input":{"@type":"PropertyValueSpecification","valueRequired":true,"valueName":"search_term_string"}}],"inLanguage":"fr-FR"},{"@type":"Organization","@id":"https:\/\/madras-editing.com\/web\/#organization","name":"Madras Editing","url":"https:\/\/madras-editing.com\/web\/","logo":{"@type":"ImageObject","inLanguage":"fr-FR","@id":"https:\/\/madras-editing.com\/web\/#\/schema\/logo\/image\/","url":"https:\/\/madras-editing.com\/wp-content\/uploads\/2020\/01\/madras-logo.png","contentUrl":"https:\/\/madras-editing.com\/wp-content\/uploads\/2020\/01\/madras-logo.png","width":488,"height":175,"caption":"Madras Editing"},"image":{"@id":"https:\/\/madras-editing.com\/web\/#\/schema\/logo\/image\/"}}]}},"_links":{"self":[{"href":"https:\/\/madras-editing.com\/web\/wp-json\/wp\/v2\/pages\/2951","targetHints":{"allow":["GET"]}}],"collection":[{"href":"https:\/\/madras-editing.com\/web\/wp-json\/wp\/v2\/pages"}],"about":[{"href":"https:\/\/madras-editing.com\/web\/wp-json\/wp\/v2\/types\/page"}],"author":[{"embeddable":true,"href":"https:\/\/madras-editing.com\/web\/wp-json\/wp\/v2\/users\/10"}],"replies":[{"embeddable":true,"href":"https:\/\/madras-editing.com\/web\/wp-json\/wp\/v2\/comments?post=2951"}],"version-history":[{"count":27,"href":"https:\/\/madras-editing.com\/web\/wp-json\/wp\/v2\/pages\/2951\/revisions"}],"predecessor-version":[{"id":3742,"href":"https:\/\/madras-editing.com\/web\/wp-json\/wp\/v2\/pages\/2951\/revisions\/3742"}],"wp:attachment":[{"href":"https:\/\/madras-editing.com\/web\/wp-json\/wp\/v2\/media?parent=2951"}],"curies":[{"name":"wp","href":"https:\/\/api.w.org\/{rel}","templated":true}]}}