{"id":2932,"date":"2020-01-20T15:12:46","date_gmt":"2020-01-20T14:12:46","guid":{"rendered":"https:\/\/madras-editing.com\/?page_id=2932"},"modified":"2023-10-24T14:19:07","modified_gmt":"2023-10-24T12:19:07","slug":"direction-editoriale-operationnelle","status":"publish","type":"page","link":"https:\/\/madras-editing.com\/web\/direction-editoriale-operationnelle\/","title":{"rendered":"Direction \u00e9ditoriale op\u00e9rationnelle"},"content":{"rendered":"<div class=\"wpb-content-wrapper\">[vc_row row_type=\u00a0\u00bbrow\u00a0\u00bb use_row_as_full_screen_section=\u00a0\u00bbno\u00a0\u00bb type=\u00a0\u00bbfull_width\u00a0\u00bb text_align=\u00a0\u00bbleft\u00a0\u00bb background_animation=\u00a0\u00bbnone\u00a0\u00bb css_animation=\u00a0\u00bb\u00a0\u00bb][vc_column][vc_column_text]\r\n<h1><span style=\"color: #ff6600;\"><strong>Notre direction \u00e9ditoriale<\/strong><\/span><\/h1>\r\nNos mots se voient et frappent l\u2019imagination pour une meilleure m\u00e9morisation. Nos cr\u00e9ations graphiques leur donnent du sens.[\/vc_column_text][vc_empty_space][\/vc_column][\/vc_row][vc_row row_type=\u00a0\u00bbrow\u00a0\u00bb use_row_as_full_screen_section=\u00a0\u00bbno\u00a0\u00bb type=\u00a0\u00bbgrid\u00a0\u00bb text_align=\u00a0\u00bbleft\u00a0\u00bb background_animation=\u00a0\u00bbnone\u00a0\u00bb css_animation=\u00a0\u00bb\u00a0\u00bb][vc_column width=\u00a0\u00bb1\/2&Prime;][vc_column_text]\r\n<h2><strong><span style=\"color: #ff6600;\">Laissez-vous porter<\/span><\/strong><\/h2>\r\n[\/vc_column_text][vc_separator type=\u00a0\u00bbsmall\u00a0\u00bb position=\u00a0\u00bbleft\u00a0\u00bb border_style=\u00a0\u00bb\u00a0\u00bb thickness=\u00a0\u00bb3&Prime; color=\u00a0\u00bb#ff6600&Prime;][vc_column_text]<strong><em>Nous nous impliquons \u00e9nergiquement dans le pilotage de votre projet \u00e9ditorial\r\n<\/em><\/strong>\r\n\r\n&nbsp;\r\n<ul>\r\n \t<li>Votre interlocuteur au quotidien est toujours un consultant senior de l\u2019agence<\/li>\r\n \t<li>Coordination des parties prenantes<\/li>\r\n \t<li>Animation des comit\u00e9s \u00e9ditoriaux en fran\u00e7ais et en anglais<\/li>\r\n \t<li>Respect de la ligne \u00e9ditoriale<\/li>\r\n<\/ul>\r\n[\/vc_column_text][\/vc_column][vc_column width=\u00a0\u00bb1\/2&Prime;][vc_single_image image=\u00a0\u00bb3000&Prime; img_size=\u00a0\u00bbfull\u00a0\u00bb qode_css_animation=\u00a0\u00bb\u00a0\u00bb][\/vc_column][\/vc_row][vc_row row_type=\u00a0\u00bbrow\u00a0\u00bb use_row_as_full_screen_section=\u00a0\u00bbno\u00a0\u00bb type=\u00a0\u00bbfull_width\u00a0\u00bb text_align=\u00a0\u00bbleft\u00a0\u00bb background_animation=\u00a0\u00bbnone\u00a0\u00bb css_animation=\u00a0\u00bb\u00a0\u00bb][vc_column][vc_empty_space height=\u00a0\u00bb80px\u00a0\u00bb][\/vc_column][\/vc_row][vc_row row_type=\u00a0\u00bbrow\u00a0\u00bb use_row_as_full_screen_section=\u00a0\u00bbno\u00a0\u00bb type=\u00a0\u00bbgrid\u00a0\u00bb text_align=\u00a0\u00bbleft\u00a0\u00bb background_animation=\u00a0\u00bbnone\u00a0\u00bb css_animation=\u00a0\u00bb\u00a0\u00bb][vc_column width=\u00a0\u00bb1\/2&Prime;][vc_single_image image=\u00a0\u00bb2998&Prime; img_size=\u00a0\u00bbfull\u00a0\u00bb qode_css_animation=\u00a0\u00bb\u00a0\u00bb][\/vc_column][vc_column width=\u00a0\u00bb1\/2&Prime;][vc_column_text]\r\n<h2><strong><span style=\"color: #ff6600;\">Challengez-nous<\/span><\/strong><\/h2>\r\n[\/vc_column_text][vc_separator type=\u00a0\u00bbsmall\u00a0\u00bb position=\u00a0\u00bbleft\u00a0\u00bb border_style=\u00a0\u00bb\u00a0\u00bb thickness=\u00a0\u00bb3&Prime; color=\u00a0\u00bb#ff6600&Prime;][vc_column_text]<strong><em>Notre niveau \u00e9lev\u00e9 d\u2019engagement vous surprendra<\/em><\/strong>\r\n\r\n&nbsp;\r\n<ul>\r\n \t<li>Disponibilit\u00e9, souplesse et r\u00e9activit\u00e9<\/li>\r\n \t<li>Attention port\u00e9e \u00e0 votre expression de besoins<\/li>\r\n \t<li>L\u2019\u00e9coute pratiqu\u00e9e comme un vecteur de qualit\u00e9 de la relation<\/li>\r\n<\/ul>\r\n[\/vc_column_text][\/vc_column][\/vc_row][vc_row row_type=\u00a0\u00bbrow\u00a0\u00bb use_row_as_full_screen_section=\u00a0\u00bbno\u00a0\u00bb type=\u00a0\u00bbfull_width\u00a0\u00bb text_align=\u00a0\u00bbleft\u00a0\u00bb background_animation=\u00a0\u00bbnone\u00a0\u00bb css_animation=\u00a0\u00bb\u00a0\u00bb][vc_column][vc_empty_space height=\u00a0\u00bb80px\u00a0\u00bb][\/vc_column][\/vc_row][vc_row row_type=\u00a0\u00bbrow\u00a0\u00bb use_row_as_full_screen_section=\u00a0\u00bbno\u00a0\u00bb type=\u00a0\u00bbgrid\u00a0\u00bb text_align=\u00a0\u00bbleft\u00a0\u00bb background_animation=\u00a0\u00bbnone\u00a0\u00bb css_animation=\u00a0\u00bb\u00a0\u00bb][vc_column width=\u00a0\u00bb1\/2&Prime;][vc_column_text]\r\n<h2><strong><span style=\"color: #ff6600;\">Pilotez efficacement vos contenus<\/span><\/strong><\/h2>\r\n[\/vc_column_text][vc_separator type=\u00a0\u00bbsmall\u00a0\u00bb position=\u00a0\u00bbleft\u00a0\u00bb border_style=\u00a0\u00bb\u00a0\u00bb thickness=\u00a0\u00bb3&Prime; color=\u00a0\u00bb#ff6600&Prime;][vc_column_text]<strong><em>Ensemble, pensons \u00ab \u00e9cosyst\u00e8me \u00bb<\/em><\/strong>\r\n\r\n&nbsp;\r\n<ul>\r\n \t<li>Planification des contenus<\/li>\r\n \t<li>Pilotage de la r\u00e9alisation des livrables<\/li>\r\n \t<li>Mutualisation \u00e9ditoriale<\/li>\r\n \t<li>Gestion optimis\u00e9e des outils de gestion partag\u00e9s<\/li>\r\n \t<li>Gestion des plannings et des validations<\/li>\r\n<\/ul>\r\n[\/vc_column_text][\/vc_column][vc_column width=\u00a0\u00bb1\/2&Prime;][vc_single_image image=\u00a0\u00bb3002&Prime; img_size=\u00a0\u00bbfull\u00a0\u00bb qode_css_animation=\u00a0\u00bb\u00a0\u00bb][\/vc_column][\/vc_row][vc_row row_type=\u00a0\u00bbrow\u00a0\u00bb use_row_as_full_screen_section=\u00a0\u00bbno\u00a0\u00bb type=\u00a0\u00bbfull_width\u00a0\u00bb text_align=\u00a0\u00bbleft\u00a0\u00bb background_animation=\u00a0\u00bbnone\u00a0\u00bb css_animation=\u00a0\u00bb\u00a0\u00bb][vc_column][vc_empty_space height=\u00a0\u00bb150px\u00a0\u00bb][\/vc_column][\/vc_row][vc_row row_type=\u00a0\u00bbrow\u00a0\u00bb use_row_as_full_screen_section=\u00a0\u00bbno\u00a0\u00bb type=\u00a0\u00bbfull_width\u00a0\u00bb text_align=\u00a0\u00bbleft\u00a0\u00bb background_animation=\u00a0\u00bbnone\u00a0\u00bb css_animation=\u00a0\u00bb\u00a0\u00bb][vc_column][\/vc_column][\/vc_row]<\/div>","protected":false},"excerpt":{"rendered":"<p>[vc_row row_type=\u00a0\u00bbrow\u00a0\u00bb use_row_as_full_screen_section=\u00a0\u00bbno\u00a0\u00bb type=\u00a0\u00bbfull_width\u00a0\u00bb text_align=\u00a0\u00bbleft\u00a0\u00bb background_animation=\u00a0\u00bbnone\u00a0\u00bb css_animation=\u00a0\u00bb\u00a0\u00bb][vc_column][vc_column_text] Notre direction \u00e9ditoriale Nos mots se voient et frappent l\u2019imagination pour une meilleure m\u00e9morisation. Nos cr\u00e9ations graphiques leur donnent du sens.[\/vc_column_text][vc_empty_space][\/vc_column][\/vc_row][vc_row row_type=\u00a0\u00bbrow\u00a0\u00bb use_row_as_full_screen_section=\u00a0\u00bbno\u00a0\u00bb type=\u00a0\u00bbgrid\u00a0\u00bb text_align=\u00a0\u00bbleft\u00a0\u00bb background_animation=\u00a0\u00bbnone\u00a0\u00bb css_animation=\u00a0\u00bb\u00a0\u00bb][vc_column width=\u00a0\u00bb1\/2&Prime;][vc_column_text] Laissez-vous porter [\/vc_column_text][vc_separator type=\u00a0\u00bbsmall\u00a0\u00bb position=\u00a0\u00bbleft\u00a0\u00bb border_style=\u00a0\u00bb\u00a0\u00bb thickness=\u00a0\u00bb3&Prime; color=\u00a0\u00bb#ff6600&Prime;][vc_column_text]Nous nous impliquons&#8230;<\/p>\n","protected":false},"author":10,"featured_media":0,"parent":0,"menu_order":0,"comment_status":"closed","ping_status":"closed","template":"","meta":{"_monsterinsights_skip_tracking":false,"_monsterinsights_sitenote_active":false,"_monsterinsights_sitenote_note":"","_monsterinsights_sitenote_category":0,"footnotes":""},"class_list":["post-2932","page","type-page","status-publish","hentry"],"yoast_head":"<!-- This site is optimized with the Yoast SEO plugin v26.0 - https:\/\/yoast.com\/wordpress\/plugins\/seo\/ -->\n<title>Direction \u00e9ditoriale op\u00e9rationnelle - Madras Editing<\/title>\n<meta name=\"description\" content=\"Nos mots se voient et frappent l\u2019imagination pour une meilleure m\u00e9morisation. Nos cr\u00e9ations graphiques leur donnent du sens.\" \/>\n<meta name=\"robots\" content=\"index, follow, max-snippet:-1, max-image-preview:large, max-video-preview:-1\" \/>\n<link rel=\"canonical\" href=\"https:\/\/madras-editing.com\/web\/direction-editoriale-operationnelle\/\" \/>\n<meta property=\"og:locale\" content=\"fr_FR\" \/>\n<meta property=\"og:type\" content=\"article\" \/>\n<meta property=\"og:title\" content=\"Direction \u00e9ditoriale op\u00e9rationnelle - Madras Editing\" \/>\n<meta property=\"og:description\" content=\"Nos mots se voient et frappent l\u2019imagination pour une meilleure m\u00e9morisation. Nos cr\u00e9ations graphiques leur donnent du sens.\" \/>\n<meta property=\"og:url\" content=\"https:\/\/madras-editing.com\/web\/direction-editoriale-operationnelle\/\" \/>\n<meta property=\"og:site_name\" content=\"Madras Editing\" \/>\n<meta property=\"article:modified_time\" content=\"2023-10-24T12:19:07+00:00\" \/>\n<meta name=\"twitter:card\" content=\"summary_large_image\" \/>\n<meta name=\"twitter:label1\" content=\"Dur\u00e9e de lecture estim\u00e9e\" \/>\n\t<meta name=\"twitter:data1\" content=\"2 minutes\" \/>\n<script type=\"application\/ld+json\" class=\"yoast-schema-graph\">{\"@context\":\"https:\/\/schema.org\",\"@graph\":[{\"@type\":\"WebPage\",\"@id\":\"https:\/\/madras-editing.com\/web\/direction-editoriale-operationnelle\/\",\"url\":\"https:\/\/madras-editing.com\/web\/direction-editoriale-operationnelle\/\",\"name\":\"Direction \u00e9ditoriale op\u00e9rationnelle - Madras Editing\",\"isPartOf\":{\"@id\":\"https:\/\/madras-editing.com\/web\/#website\"},\"datePublished\":\"2020-01-20T14:12:46+00:00\",\"dateModified\":\"2023-10-24T12:19:07+00:00\",\"description\":\"Nos mots se voient et frappent l\u2019imagination pour une meilleure m\u00e9morisation. Nos cr\u00e9ations graphiques leur donnent du sens.\",\"breadcrumb\":{\"@id\":\"https:\/\/madras-editing.com\/web\/direction-editoriale-operationnelle\/#breadcrumb\"},\"inLanguage\":\"fr-FR\",\"potentialAction\":[{\"@type\":\"ReadAction\",\"target\":[\"https:\/\/madras-editing.com\/web\/direction-editoriale-operationnelle\/\"]}]},{\"@type\":\"BreadcrumbList\",\"@id\":\"https:\/\/madras-editing.com\/web\/direction-editoriale-operationnelle\/#breadcrumb\",\"itemListElement\":[{\"@type\":\"ListItem\",\"position\":1,\"name\":\"Accueil\",\"item\":\"https:\/\/madras-editing.com\/web\/\"},{\"@type\":\"ListItem\",\"position\":2,\"name\":\"Direction \u00e9ditoriale op\u00e9rationnelle\"}]},{\"@type\":\"WebSite\",\"@id\":\"https:\/\/madras-editing.com\/web\/#website\",\"url\":\"https:\/\/madras-editing.com\/web\/\",\"name\":\"Madras Editing\",\"description\":\"L\u2019\u00e9ditorial strat\u00e9gique\",\"publisher\":{\"@id\":\"https:\/\/madras-editing.com\/web\/#organization\"},\"potentialAction\":[{\"@type\":\"SearchAction\",\"target\":{\"@type\":\"EntryPoint\",\"urlTemplate\":\"https:\/\/madras-editing.com\/web\/?s={search_term_string}\"},\"query-input\":{\"@type\":\"PropertyValueSpecification\",\"valueRequired\":true,\"valueName\":\"search_term_string\"}}],\"inLanguage\":\"fr-FR\"},{\"@type\":\"Organization\",\"@id\":\"https:\/\/madras-editing.com\/web\/#organization\",\"name\":\"Madras Editing\",\"url\":\"https:\/\/madras-editing.com\/web\/\",\"logo\":{\"@type\":\"ImageObject\",\"inLanguage\":\"fr-FR\",\"@id\":\"https:\/\/madras-editing.com\/web\/#\/schema\/logo\/image\/\",\"url\":\"https:\/\/madras-editing.com\/wp-content\/uploads\/2020\/01\/madras-logo.png\",\"contentUrl\":\"https:\/\/madras-editing.com\/wp-content\/uploads\/2020\/01\/madras-logo.png\",\"width\":488,\"height\":175,\"caption\":\"Madras Editing\"},\"image\":{\"@id\":\"https:\/\/madras-editing.com\/web\/#\/schema\/logo\/image\/\"}}]}<\/script>\n<!-- \/ Yoast SEO plugin. -->","yoast_head_json":{"title":"Direction \u00e9ditoriale op\u00e9rationnelle - Madras Editing","description":"Nos mots se voient et frappent l\u2019imagination pour une meilleure m\u00e9morisation. Nos cr\u00e9ations graphiques leur donnent du sens.","robots":{"index":"index","follow":"follow","max-snippet":"max-snippet:-1","max-image-preview":"max-image-preview:large","max-video-preview":"max-video-preview:-1"},"canonical":"https:\/\/madras-editing.com\/web\/direction-editoriale-operationnelle\/","og_locale":"fr_FR","og_type":"article","og_title":"Direction \u00e9ditoriale op\u00e9rationnelle - Madras Editing","og_description":"Nos mots se voient et frappent l\u2019imagination pour une meilleure m\u00e9morisation. Nos cr\u00e9ations graphiques leur donnent du sens.","og_url":"https:\/\/madras-editing.com\/web\/direction-editoriale-operationnelle\/","og_site_name":"Madras Editing","article_modified_time":"2023-10-24T12:19:07+00:00","twitter_card":"summary_large_image","twitter_misc":{"Dur\u00e9e de lecture estim\u00e9e":"2 minutes"},"schema":{"@context":"https:\/\/schema.org","@graph":[{"@type":"WebPage","@id":"https:\/\/madras-editing.com\/web\/direction-editoriale-operationnelle\/","url":"https:\/\/madras-editing.com\/web\/direction-editoriale-operationnelle\/","name":"Direction \u00e9ditoriale op\u00e9rationnelle - Madras Editing","isPartOf":{"@id":"https:\/\/madras-editing.com\/web\/#website"},"datePublished":"2020-01-20T14:12:46+00:00","dateModified":"2023-10-24T12:19:07+00:00","description":"Nos mots se voient et frappent l\u2019imagination pour une meilleure m\u00e9morisation. Nos cr\u00e9ations graphiques leur donnent du sens.","breadcrumb":{"@id":"https:\/\/madras-editing.com\/web\/direction-editoriale-operationnelle\/#breadcrumb"},"inLanguage":"fr-FR","potentialAction":[{"@type":"ReadAction","target":["https:\/\/madras-editing.com\/web\/direction-editoriale-operationnelle\/"]}]},{"@type":"BreadcrumbList","@id":"https:\/\/madras-editing.com\/web\/direction-editoriale-operationnelle\/#breadcrumb","itemListElement":[{"@type":"ListItem","position":1,"name":"Accueil","item":"https:\/\/madras-editing.com\/web\/"},{"@type":"ListItem","position":2,"name":"Direction \u00e9ditoriale op\u00e9rationnelle"}]},{"@type":"WebSite","@id":"https:\/\/madras-editing.com\/web\/#website","url":"https:\/\/madras-editing.com\/web\/","name":"Madras Editing","description":"L\u2019\u00e9ditorial strat\u00e9gique","publisher":{"@id":"https:\/\/madras-editing.com\/web\/#organization"},"potentialAction":[{"@type":"SearchAction","target":{"@type":"EntryPoint","urlTemplate":"https:\/\/madras-editing.com\/web\/?s={search_term_string}"},"query-input":{"@type":"PropertyValueSpecification","valueRequired":true,"valueName":"search_term_string"}}],"inLanguage":"fr-FR"},{"@type":"Organization","@id":"https:\/\/madras-editing.com\/web\/#organization","name":"Madras Editing","url":"https:\/\/madras-editing.com\/web\/","logo":{"@type":"ImageObject","inLanguage":"fr-FR","@id":"https:\/\/madras-editing.com\/web\/#\/schema\/logo\/image\/","url":"https:\/\/madras-editing.com\/wp-content\/uploads\/2020\/01\/madras-logo.png","contentUrl":"https:\/\/madras-editing.com\/wp-content\/uploads\/2020\/01\/madras-logo.png","width":488,"height":175,"caption":"Madras Editing"},"image":{"@id":"https:\/\/madras-editing.com\/web\/#\/schema\/logo\/image\/"}}]}},"_links":{"self":[{"href":"https:\/\/madras-editing.com\/web\/wp-json\/wp\/v2\/pages\/2932","targetHints":{"allow":["GET"]}}],"collection":[{"href":"https:\/\/madras-editing.com\/web\/wp-json\/wp\/v2\/pages"}],"about":[{"href":"https:\/\/madras-editing.com\/web\/wp-json\/wp\/v2\/types\/page"}],"author":[{"embeddable":true,"href":"https:\/\/madras-editing.com\/web\/wp-json\/wp\/v2\/users\/10"}],"replies":[{"embeddable":true,"href":"https:\/\/madras-editing.com\/web\/wp-json\/wp\/v2\/comments?post=2932"}],"version-history":[{"count":9,"href":"https:\/\/madras-editing.com\/web\/wp-json\/wp\/v2\/pages\/2932\/revisions"}],"predecessor-version":[{"id":3656,"href":"https:\/\/madras-editing.com\/web\/wp-json\/wp\/v2\/pages\/2932\/revisions\/3656"}],"wp:attachment":[{"href":"https:\/\/madras-editing.com\/web\/wp-json\/wp\/v2\/media?parent=2932"}],"curies":[{"name":"wp","href":"https:\/\/api.w.org\/{rel}","templated":true}]}}