{"id":2814,"date":"2020-01-15T14:58:25","date_gmt":"2020-01-15T13:58:25","guid":{"rendered":"https:\/\/madras-editing.com\/?page_id=2814"},"modified":"2020-06-19T12:42:00","modified_gmt":"2020-06-19T10:42:00","slug":"notre-principe-actif","status":"publish","type":"page","link":"https:\/\/madras-editing.com\/web\/notre-principe-actif\/","title":{"rendered":"Notre principe actif"},"content":{"rendered":"<div class=\"wpb-content-wrapper\">[vc_row row_type=\u00a0\u00bbrow\u00a0\u00bb use_row_as_full_screen_section=\u00a0\u00bbno\u00a0\u00bb type=\u00a0\u00bbgrid\u00a0\u00bb text_align=\u00a0\u00bbleft\u00a0\u00bb background_animation=\u00a0\u00bbnone\u00a0\u00bb css_animation=\u00a0\u00bb\u00a0\u00bb css=\u00a0\u00bb.vc_custom_1579097706871{padding-top: 60px !important;padding-bottom: 45px !important;}\u00a0\u00bb][vc_column][vc_column_text]\r\n<h3 style=\"text-align: center;\"><span style=\"color: #062bbb;\">Ce qui nous fait lever le matin ? <\/span>\r\n<span style=\"color: #062bbb;\">Donner un sens \u00e0 notre m\u00e9tier.<\/span><\/h3>\r\n&nbsp;\r\n<h4 style=\"text-align: center;\"><span style=\"color: #062bbb;\">Nous avons la conviction que la communication corporate est utile \u2013\r\npour son \u00e9metteur comme pour ses cibles \u2013 si elle est de qualit\u00e9.<\/span><\/h4>\r\n[\/vc_column_text][vc_empty_space height=\u00a0\u00bb25px\u00a0\u00bb][vc_separator type=\u00a0\u00bbnormal\u00a0\u00bb border_style=\u00a0\u00bbdashed\u00a0\u00bb thickness=\u00a0\u00bb2&Prime; up=\u00a0\u00bb25&Prime; down=\u00a0\u00bb25&Prime; color=\u00a0\u00bb#c4c4c4&Prime;][vc_empty_space height=\u00a0\u00bb25px\u00a0\u00bb][vc_row_inner row_type=\u00a0\u00bbrow\u00a0\u00bb type=\u00a0\u00bbgrid\u00a0\u00bb use_row_as_full_screen_section_slide=\u00a0\u00bbno\u00a0\u00bb text_align=\u00a0\u00bbleft\u00a0\u00bb css_animation=\u00a0\u00bb\u00a0\u00bb][vc_column_inner width=\u00a0\u00bb1\/2&Prime;][vc_single_image image=\u00a0\u00bb3009&Prime; img_size=\u00a0\u00bbfull\u00a0\u00bb qode_css_animation=\u00a0\u00bb\u00a0\u00bb][\/vc_column_inner][vc_column_inner width=\u00a0\u00bb1\/2&Prime;][vc_column_text]\r\n<h3><strong><span style=\"color: #ff6600;\">Mais alors, qu\u2019est-ce qu\u2019un contenu de qualit\u00e9\u00a0?<\/span><\/strong><\/h3>\r\n[\/vc_column_text][vc_separator type=\u00a0\u00bbsmall\u00a0\u00bb position=\u00a0\u00bbleft\u00a0\u00bb border_style=\u00a0\u00bb\u00a0\u00bb thickness=\u00a0\u00bb3&Prime; color=\u00a0\u00bb#ff6600&Prime;][vc_column_text]<strong>Nous poss\u00e9dons quelques certitudes \u00e0 ce sujet<\/strong>\r\n\r\n&nbsp;\r\n<ul>\r\n \t<li>Un contenu \u00ab\u00a0<strong>\u00e9thique<\/strong>\u00bb, en ce sens qu\u2019il se fonde sur la sinc\u00e9rit\u00e9\u00a0: si vous n\u2019\u00eates pas convaincus vous-m\u00eames de ce que vous publiez, ne publiez rien\u00a0;<\/li>\r\n \t<li>Un contenu <strong>valorisant <\/strong>: anti langue de bois, il prend ses cibles pour des adultes, condition <em>sine qua non<\/em> pour que ses messages soient entendus\u00a0;<\/li>\r\n \t<li>Un contenu <strong>clair<\/strong>, sachant que la clart\u00e9 d\u00e9coule en grande partie de la sinc\u00e9rit\u00e9\u00a0;<\/li>\r\n \t<li>Un contenu <strong>dual <\/strong>: pour le digital, il cible \u00e0 la fois l\u2019algorithme des moteurs (optimisation SEO) et l\u2019int\u00e9r\u00eat des internautes, sans jamais privil\u00e9gier l\u2019un au d\u00e9triment de l\u2019autre\u00a0;<\/li>\r\n \t<li>Un contenu <strong>pro-actif<\/strong>, qui cherche en permanence \u00e0 bannir les mots st\u00e9r\u00e9otyp\u00e9s et cr\u00e9e son propre univers s\u00e9mantique.<\/li>\r\n<\/ul>\r\n[\/vc_column_text][\/vc_column_inner][\/vc_row_inner][\/vc_column][\/vc_row][vc_row row_type=\u00a0\u00bbrow\u00a0\u00bb use_row_as_full_screen_section=\u00a0\u00bbno\u00a0\u00bb type=\u00a0\u00bbfull_width\u00a0\u00bb text_align=\u00a0\u00bbleft\u00a0\u00bb background_animation=\u00a0\u00bbnone\u00a0\u00bb css_animation=\u00a0\u00bb\u00a0\u00bb css=\u00a0\u00bb.vc_custom_1579508672713{padding-top: 50px !important;padding-bottom: 50px !important;background-color: #ff6600 !important;}\u00a0\u00bb][vc_column][vc_row_inner row_type=\u00a0\u00bbrow\u00a0\u00bb type=\u00a0\u00bbgrid\u00a0\u00bb use_row_as_full_screen_section_slide=\u00a0\u00bbno\u00a0\u00bb text_align=\u00a0\u00bbleft\u00a0\u00bb css_animation=\u00a0\u00bb\u00a0\u00bb][vc_column_inner][vc_empty_space height=\u00a0\u00bb25px\u00a0\u00bb][vc_column_text]\r\n<h3 style=\"text-align: center;\"><span style=\"color: #ffffff;\">Ce sont ces convictions que nous mettons en \u0153uvre chaque jour\r\npour nos clients et leur d\u00e9marche de brand content.<\/span><\/h3>\r\n[\/vc_column_text][\/vc_column_inner][\/vc_row_inner][vc_empty_space height=\u00a0\u00bb55px\u00a0\u00bb][vc_row_inner row_type=\u00a0\u00bbrow\u00a0\u00bb type=\u00a0\u00bbgrid\u00a0\u00bb use_row_as_full_screen_section_slide=\u00a0\u00bbno\u00a0\u00bb text_align=\u00a0\u00bbleft\u00a0\u00bb css_animation=\u00a0\u00bb\u00a0\u00bb][vc_column_inner width=\u00a0\u00bb1\/2&Prime;][vc_column_text]\r\n<h4 style=\"text-align: justify;\"><span style=\"color: #ffffff;\"><strong>Issus de l\u2019hybridation f\u00e9conde entre journalisme et communication, nous nous attachons depuis 2008 \u00e0 faire co\u00efncider la pertinence de vos messages avec le territoire culturel des publics que vous ciblez, dans le cadre de votre strat\u00e9gie inbound marketing. Cela s\u2019appelle le journalisme de marque.<\/strong><\/span><\/h4>\r\n[\/vc_column_text][vc_empty_space height=\u00a0\u00bb45px\u00a0\u00bb][vc_column_text]\r\n<h3 style=\"text-align: justify;\"><span style=\"color: #ffffff;\">L\u2019effet th\u00e9rapeutique\r\nde notre principe actif ?\r\n<\/span><\/h3>\r\n<h3 style=\"text-align: justify;\"><span style=\"color: #ffffff;\">Un ROA (return on attention) \u00e9lev\u00e9 !<\/span><\/h3>\r\n[\/vc_column_text][\/vc_column_inner][vc_column_inner width=\u00a0\u00bb1\/2&Prime;][vc_single_image image=\u00a0\u00bb2860&Prime; img_size=\u00a0\u00bbfull\u00a0\u00bb qode_css_animation=\u00a0\u00bb\u00a0\u00bb][\/vc_column_inner][\/vc_row_inner][vc_empty_space height=\u00a0\u00bb35px\u00a0\u00bb][\/vc_column][\/vc_row][vc_row row_type=\u00a0\u00bbrow\u00a0\u00bb use_row_as_full_screen_section=\u00a0\u00bbno\u00a0\u00bb type=\u00a0\u00bbgrid\u00a0\u00bb text_align=\u00a0\u00bbleft\u00a0\u00bb background_animation=\u00a0\u00bbnone\u00a0\u00bb css_animation=\u00a0\u00bb\u00a0\u00bb css=\u00a0\u00bb.vc_custom_1579097706871{padding-top: 60px !important;padding-bottom: 45px !important;}\u00a0\u00bb][vc_column][vc_column_text]\r\n<h3 style=\"text-align: center;\"><span style=\"color: #062bbb;\">Notre champ d\u2019intervention<\/span><\/h3>\r\n[\/vc_column_text][vc_empty_space height=\u00a0\u00bb25px\u00a0\u00bb][vc_separator type=\u00a0\u00bbnormal\u00a0\u00bb border_style=\u00a0\u00bbdashed\u00a0\u00bb thickness=\u00a0\u00bb2&Prime; up=\u00a0\u00bb25&Prime; down=\u00a0\u00bb25&Prime; color=\u00a0\u00bb#c4c4c4&Prime;][vc_empty_space height=\u00a0\u00bb25px\u00a0\u00bb][vc_row_inner row_type=\u00a0\u00bbrow\u00a0\u00bb type=\u00a0\u00bbfull_width\u00a0\u00bb use_row_as_full_screen_section_slide=\u00a0\u00bbno\u00a0\u00bb text_align=\u00a0\u00bbleft\u00a0\u00bb css_animation=\u00a0\u00bb\u00a0\u00bb][vc_column_inner][vc_column_text]\r\n<p style=\"text-align: justify;\"><span style=\"color: #062bbb;\"><strong>communication RH, communication marque employeur, communication interne, communication externe, communication BtoB, communication BtoC, communication corporate, communication institutionnelle, communication \u00e9ditoriale, communication commerciale, communication print, communication digitale, journalisme de marque, brand content, content marketing.<\/strong><\/span><\/p>\r\n[\/vc_column_text][\/vc_column_inner][\/vc_row_inner][\/vc_column][\/vc_row][vc_row row_type=\u00a0\u00bbrow\u00a0\u00bb use_row_as_full_screen_section=\u00a0\u00bbno\u00a0\u00bb type=\u00a0\u00bbgrid\u00a0\u00bb text_align=\u00a0\u00bbleft\u00a0\u00bb background_animation=\u00a0\u00bbnone\u00a0\u00bb css_animation=\u00a0\u00bb\u00a0\u00bb css=\u00a0\u00bb.vc_custom_1579098316879{padding-top: 60px !important;padding-bottom: 45px !important;}\u00a0\u00bb background_color=\u00a0\u00bb#062bbb\u00a0\u00bb][vc_column][vc_row_inner row_type=\u00a0\u00bbrow\u00a0\u00bb type=\u00a0\u00bbgrid\u00a0\u00bb use_row_as_full_screen_section_slide=\u00a0\u00bbno\u00a0\u00bb text_align=\u00a0\u00bbleft\u00a0\u00bb css_animation=\u00a0\u00bb\u00a0\u00bb background_color=\u00a0\u00bb#062bbb\u00a0\u00bb][vc_column_inner][vc_column_text]\r\n<h3 style=\"text-align: center;\"><span style=\"color: #ffffff;\">Les supports sur lesquels nous intervenons<\/span><\/h3>\r\n[\/vc_column_text][vc_empty_space height=\u00a0\u00bb25px\u00a0\u00bb][vc_separator type=\u00a0\u00bbnormal\u00a0\u00bb border_style=\u00a0\u00bbdashed\u00a0\u00bb thickness=\u00a0\u00bb2&Prime; up=\u00a0\u00bb25&Prime; down=\u00a0\u00bb25&Prime; color=\u00a0\u00bb#ffffff\u00a0\u00bb][vc_empty_space height=\u00a0\u00bb25px\u00a0\u00bb][vc_column_text]\r\n<p style=\"text-align: justify;\"><span style=\"color: #ffffff;\"><strong>Webzines, rapports d\u2019activit\u00e9s, e-letters, blogs d\u2019entreprise et\/ou de dirigeant, magazines internes, magazines externes, yearbooks, infographies, vid\u00e9os, vid\u00e9os motion, fils d\u2019actualit\u00e9s, newsroom, r\u00e9seaux sociaux\u2026\r\n<\/strong><\/span><\/p>\r\n[\/vc_column_text][\/vc_column_inner][\/vc_row_inner][\/vc_column][\/vc_row][vc_row row_type=\u00a0\u00bbrow\u00a0\u00bb use_row_as_full_screen_section=\u00a0\u00bbno\u00a0\u00bb type=\u00a0\u00bbgrid\u00a0\u00bb text_align=\u00a0\u00bbleft\u00a0\u00bb background_animation=\u00a0\u00bbnone\u00a0\u00bb css_animation=\u00a0\u00bb\u00a0\u00bb css=\u00a0\u00bb.vc_custom_1579097706871{padding-top: 60px !important;padding-bottom: 45px !important;}\u00a0\u00bb][vc_column][vc_column_text]\r\n<h3 style=\"text-align: center;\"><span style=\"color: #062bbb;\">Vos contacts\r\n<\/span><\/h3>\r\n[\/vc_column_text][vc_empty_space height=\u00a0\u00bb25px\u00a0\u00bb][vc_separator type=\u00a0\u00bbnormal\u00a0\u00bb border_style=\u00a0\u00bbdashed\u00a0\u00bb thickness=\u00a0\u00bb2&Prime; up=\u00a0\u00bb25&Prime; down=\u00a0\u00bb25&Prime; color=\u00a0\u00bb#c4c4c4&Prime;][vc_empty_space height=\u00a0\u00bb25px\u00a0\u00bb][vc_row_inner row_type=\u00a0\u00bbrow\u00a0\u00bb type=\u00a0\u00bbfull_width\u00a0\u00bb use_row_as_full_screen_section_slide=\u00a0\u00bbno\u00a0\u00bb text_align=\u00a0\u00bbleft\u00a0\u00bb css_animation=\u00a0\u00bb\u00a0\u00bb][vc_column_inner][vc_column_text]\r\n<h4 style=\"text-align: center;\"><span style=\"color: #000000;\"><strong>Yona Ong Rodrigues<\/strong><\/span><\/h4>\r\n<p style=\"text-align: center;\"><a href=\"mailto:yona.ong@madras-editing.com\">yona.ong@madras-editing.com<\/a><\/p>\r\n\r\n<h4><\/h4>\r\n&nbsp;\r\n<h4 style=\"text-align: center;\"><span style=\"color: #000000;\"><strong>Didier Le Gorrec<\/strong><\/span><\/h4>\r\n<p style=\"text-align: center;\"><a href=\"mailto:didier.legorrec@madras-editing.com\">didier.legorrec@madras-editing.com<\/a><\/p>\r\n<p style=\"text-align: center;\"><strong>\u00a0<\/strong><\/p>\r\n[\/vc_column_text][\/vc_column_inner][\/vc_row_inner][\/vc_column][\/vc_row]<\/div>","protected":false},"excerpt":{"rendered":"<p>[vc_row row_type=\u00a0\u00bbrow\u00a0\u00bb use_row_as_full_screen_section=\u00a0\u00bbno\u00a0\u00bb type=\u00a0\u00bbgrid\u00a0\u00bb text_align=\u00a0\u00bbleft\u00a0\u00bb background_animation=\u00a0\u00bbnone\u00a0\u00bb css_animation=\u00a0\u00bb\u00a0\u00bb css=\u00a0\u00bb.vc_custom_1579097706871{padding-top: 60px !important;padding-bottom: 45px !important;}\u00a0\u00bb][vc_column][vc_column_text] Ce qui nous fait lever le matin ? Donner un sens \u00e0 notre m\u00e9tier. &nbsp; Nous avons la conviction que la communication corporate est utile \u2013 pour son \u00e9metteur comme pour ses cibles&#8230;<\/p>\n","protected":false},"author":10,"featured_media":0,"parent":0,"menu_order":0,"comment_status":"closed","ping_status":"closed","template":"full_width.php","meta":{"_monsterinsights_skip_tracking":false,"_monsterinsights_sitenote_active":false,"_monsterinsights_sitenote_note":"","_monsterinsights_sitenote_category":0,"footnotes":""},"class_list":["post-2814","page","type-page","status-publish","hentry"],"yoast_head":"<!-- This site is optimized with the Yoast SEO plugin v26.0 - https:\/\/yoast.com\/wordpress\/plugins\/seo\/ -->\n<title>Notre principe actif - Madras Editing<\/title>\n<meta name=\"description\" content=\"L\u2019\u00e9quipe de Madras Editing veille \u00e0 produire des contenus de qualit\u00e9 et \u00e0 faire co\u00efncider la pertinence de vos messages avec vos cibles.\" \/>\n<meta name=\"robots\" content=\"index, follow, max-snippet:-1, max-image-preview:large, max-video-preview:-1\" \/>\n<link rel=\"canonical\" href=\"https:\/\/madras-editing.com\/web\/notre-principe-actif\/\" \/>\n<meta property=\"og:locale\" content=\"fr_FR\" \/>\n<meta property=\"og:type\" content=\"article\" \/>\n<meta property=\"og:title\" content=\"Notre principe actif - Madras Editing\" \/>\n<meta property=\"og:description\" content=\"L\u2019\u00e9quipe de Madras Editing veille \u00e0 produire des contenus de qualit\u00e9 et \u00e0 faire co\u00efncider la pertinence de vos messages avec vos cibles.\" \/>\n<meta property=\"og:url\" content=\"https:\/\/madras-editing.com\/web\/notre-principe-actif\/\" \/>\n<meta property=\"og:site_name\" content=\"Madras Editing\" \/>\n<meta property=\"article:modified_time\" content=\"2020-06-19T10:42:00+00:00\" \/>\n<meta name=\"twitter:card\" content=\"summary_large_image\" \/>\n<meta name=\"twitter:label1\" content=\"Dur\u00e9e de lecture estim\u00e9e\" \/>\n\t<meta name=\"twitter:data1\" content=\"5 minutes\" \/>\n<script type=\"application\/ld+json\" class=\"yoast-schema-graph\">{\"@context\":\"https:\/\/schema.org\",\"@graph\":[{\"@type\":\"WebPage\",\"@id\":\"https:\/\/madras-editing.com\/web\/notre-principe-actif\/\",\"url\":\"https:\/\/madras-editing.com\/web\/notre-principe-actif\/\",\"name\":\"Notre principe actif - Madras Editing\",\"isPartOf\":{\"@id\":\"https:\/\/madras-editing.com\/web\/#website\"},\"datePublished\":\"2020-01-15T13:58:25+00:00\",\"dateModified\":\"2020-06-19T10:42:00+00:00\",\"description\":\"L\u2019\u00e9quipe de Madras Editing veille \u00e0 produire des contenus de qualit\u00e9 et \u00e0 faire co\u00efncider la pertinence de vos messages avec vos cibles.\",\"breadcrumb\":{\"@id\":\"https:\/\/madras-editing.com\/web\/notre-principe-actif\/#breadcrumb\"},\"inLanguage\":\"fr-FR\",\"potentialAction\":[{\"@type\":\"ReadAction\",\"target\":[\"https:\/\/madras-editing.com\/web\/notre-principe-actif\/\"]}]},{\"@type\":\"BreadcrumbList\",\"@id\":\"https:\/\/madras-editing.com\/web\/notre-principe-actif\/#breadcrumb\",\"itemListElement\":[{\"@type\":\"ListItem\",\"position\":1,\"name\":\"Accueil\",\"item\":\"https:\/\/madras-editing.com\/web\/\"},{\"@type\":\"ListItem\",\"position\":2,\"name\":\"Notre principe actif\"}]},{\"@type\":\"WebSite\",\"@id\":\"https:\/\/madras-editing.com\/web\/#website\",\"url\":\"https:\/\/madras-editing.com\/web\/\",\"name\":\"Madras Editing\",\"description\":\"L\u2019\u00e9ditorial strat\u00e9gique\",\"publisher\":{\"@id\":\"https:\/\/madras-editing.com\/web\/#organization\"},\"potentialAction\":[{\"@type\":\"SearchAction\",\"target\":{\"@type\":\"EntryPoint\",\"urlTemplate\":\"https:\/\/madras-editing.com\/web\/?s={search_term_string}\"},\"query-input\":{\"@type\":\"PropertyValueSpecification\",\"valueRequired\":true,\"valueName\":\"search_term_string\"}}],\"inLanguage\":\"fr-FR\"},{\"@type\":\"Organization\",\"@id\":\"https:\/\/madras-editing.com\/web\/#organization\",\"name\":\"Madras Editing\",\"url\":\"https:\/\/madras-editing.com\/web\/\",\"logo\":{\"@type\":\"ImageObject\",\"inLanguage\":\"fr-FR\",\"@id\":\"https:\/\/madras-editing.com\/web\/#\/schema\/logo\/image\/\",\"url\":\"https:\/\/madras-editing.com\/wp-content\/uploads\/2020\/01\/madras-logo.png\",\"contentUrl\":\"https:\/\/madras-editing.com\/wp-content\/uploads\/2020\/01\/madras-logo.png\",\"width\":488,\"height\":175,\"caption\":\"Madras Editing\"},\"image\":{\"@id\":\"https:\/\/madras-editing.com\/web\/#\/schema\/logo\/image\/\"}}]}<\/script>\n<!-- \/ Yoast SEO plugin. -->","yoast_head_json":{"title":"Notre principe actif - Madras Editing","description":"L\u2019\u00e9quipe de Madras Editing veille \u00e0 produire des contenus de qualit\u00e9 et \u00e0 faire co\u00efncider la pertinence de vos messages avec vos cibles.","robots":{"index":"index","follow":"follow","max-snippet":"max-snippet:-1","max-image-preview":"max-image-preview:large","max-video-preview":"max-video-preview:-1"},"canonical":"https:\/\/madras-editing.com\/web\/notre-principe-actif\/","og_locale":"fr_FR","og_type":"article","og_title":"Notre principe actif - Madras Editing","og_description":"L\u2019\u00e9quipe de Madras Editing veille \u00e0 produire des contenus de qualit\u00e9 et \u00e0 faire co\u00efncider la pertinence de vos messages avec vos cibles.","og_url":"https:\/\/madras-editing.com\/web\/notre-principe-actif\/","og_site_name":"Madras Editing","article_modified_time":"2020-06-19T10:42:00+00:00","twitter_card":"summary_large_image","twitter_misc":{"Dur\u00e9e de lecture estim\u00e9e":"5 minutes"},"schema":{"@context":"https:\/\/schema.org","@graph":[{"@type":"WebPage","@id":"https:\/\/madras-editing.com\/web\/notre-principe-actif\/","url":"https:\/\/madras-editing.com\/web\/notre-principe-actif\/","name":"Notre principe actif - Madras Editing","isPartOf":{"@id":"https:\/\/madras-editing.com\/web\/#website"},"datePublished":"2020-01-15T13:58:25+00:00","dateModified":"2020-06-19T10:42:00+00:00","description":"L\u2019\u00e9quipe de Madras Editing veille \u00e0 produire des contenus de qualit\u00e9 et \u00e0 faire co\u00efncider la pertinence de vos messages avec vos cibles.","breadcrumb":{"@id":"https:\/\/madras-editing.com\/web\/notre-principe-actif\/#breadcrumb"},"inLanguage":"fr-FR","potentialAction":[{"@type":"ReadAction","target":["https:\/\/madras-editing.com\/web\/notre-principe-actif\/"]}]},{"@type":"BreadcrumbList","@id":"https:\/\/madras-editing.com\/web\/notre-principe-actif\/#breadcrumb","itemListElement":[{"@type":"ListItem","position":1,"name":"Accueil","item":"https:\/\/madras-editing.com\/web\/"},{"@type":"ListItem","position":2,"name":"Notre principe actif"}]},{"@type":"WebSite","@id":"https:\/\/madras-editing.com\/web\/#website","url":"https:\/\/madras-editing.com\/web\/","name":"Madras Editing","description":"L\u2019\u00e9ditorial strat\u00e9gique","publisher":{"@id":"https:\/\/madras-editing.com\/web\/#organization"},"potentialAction":[{"@type":"SearchAction","target":{"@type":"EntryPoint","urlTemplate":"https:\/\/madras-editing.com\/web\/?s={search_term_string}"},"query-input":{"@type":"PropertyValueSpecification","valueRequired":true,"valueName":"search_term_string"}}],"inLanguage":"fr-FR"},{"@type":"Organization","@id":"https:\/\/madras-editing.com\/web\/#organization","name":"Madras Editing","url":"https:\/\/madras-editing.com\/web\/","logo":{"@type":"ImageObject","inLanguage":"fr-FR","@id":"https:\/\/madras-editing.com\/web\/#\/schema\/logo\/image\/","url":"https:\/\/madras-editing.com\/wp-content\/uploads\/2020\/01\/madras-logo.png","contentUrl":"https:\/\/madras-editing.com\/wp-content\/uploads\/2020\/01\/madras-logo.png","width":488,"height":175,"caption":"Madras Editing"},"image":{"@id":"https:\/\/madras-editing.com\/web\/#\/schema\/logo\/image\/"}}]}},"_links":{"self":[{"href":"https:\/\/madras-editing.com\/web\/wp-json\/wp\/v2\/pages\/2814","targetHints":{"allow":["GET"]}}],"collection":[{"href":"https:\/\/madras-editing.com\/web\/wp-json\/wp\/v2\/pages"}],"about":[{"href":"https:\/\/madras-editing.com\/web\/wp-json\/wp\/v2\/types\/page"}],"author":[{"embeddable":true,"href":"https:\/\/madras-editing.com\/web\/wp-json\/wp\/v2\/users\/10"}],"replies":[{"embeddable":true,"href":"https:\/\/madras-editing.com\/web\/wp-json\/wp\/v2\/comments?post=2814"}],"version-history":[{"count":39,"href":"https:\/\/madras-editing.com\/web\/wp-json\/wp\/v2\/pages\/2814\/revisions"}],"predecessor-version":[{"id":3029,"href":"https:\/\/madras-editing.com\/web\/wp-json\/wp\/v2\/pages\/2814\/revisions\/3029"}],"wp:attachment":[{"href":"https:\/\/madras-editing.com\/web\/wp-json\/wp\/v2\/media?parent=2814"}],"curies":[{"name":"wp","href":"https:\/\/api.w.org\/{rel}","templated":true}]}}