{"id":2793,"date":"2020-01-06T16:23:45","date_gmt":"2020-01-06T15:23:45","guid":{"rendered":"https:\/\/madras-editing.com\/?page_id=2793"},"modified":"2025-09-25T09:55:45","modified_gmt":"2025-09-25T07:55:45","slug":"accueil","status":"publish","type":"page","link":"https:\/\/madras-editing.com\/web\/","title":{"rendered":"Agence en communication \u00e9ditoriale"},"content":{"rendered":"<div class=\"wpb-content-wrapper\"><p>[vc_row row_type=\u00a0\u00bbrow\u00a0\u00bb use_row_as_full_screen_section=\u00a0\u00bbno\u00a0\u00bb type=\u00a0\u00bbfull_width\u00a0\u00bb text_align=\u00a0\u00bbleft\u00a0\u00bb background_animation=\u00a0\u00bbnone\u00a0\u00bb css_animation=\u00a0\u00bb\u00a0\u00bb][vc_column][rev_slider_vc alias=\u00a0\u00bbaccueil\u00a0\u00bb][\/vc_column][\/vc_row][vc_row row_type=\u00a0\u00bbrow\u00a0\u00bb use_row_as_full_screen_section=\u00a0\u00bbno\u00a0\u00bb type=\u00a0\u00bbgrid\u00a0\u00bb text_align=\u00a0\u00bbleft\u00a0\u00bb background_animation=\u00a0\u00bbnone\u00a0\u00bb css_animation=\u00a0\u00bb\u00a0\u00bb css=\u00a0\u00bb.vc_custom_1579523099523{padding-top: 70px !important;}\u00a0\u00bb][vc_column][vc_column_text css=\u00a0\u00bb\u00a0\u00bb]<\/p>\r\n<h1 style=\"text-align: justify;\"><span style=\"color: #062bbb;\"><b>Une agence en communication \u00e9ditoriale pour vous accompagner vraiment.<\/b><\/span><\/h1>\r\n<p>&nbsp;<\/p>\r\n<h3 style=\"text-align: justify;\"><span style=\"color: #062bbb;\"><strong>Nous, on s\u2019immerge dans votre culture d\u2019entreprise, on est comme \u00e7a. Rassurez-vous, nous ne sommes pas intrusifs, seulement bienveillants. Et empathiques.<\/strong><\/span><\/h3>\r\n<p>&nbsp;<\/p>\r\n<p style=\"text-align: justify;\"><span style=\"color: #062bbb;\"><strong>Justement, c\u2019est parce que nous instaurons une vraie relation avec vous, vos \u00e9quipes et votre marque que savons b\u00e2tir le contenu\u00a0qui vous correspond pleinement.<\/strong><\/span><\/p>\r\n<p>&nbsp;<\/p>\r\n<p style=\"text-align: center; font-size: 22px;\"><span style=\"color: #ff6600;\"><strong>Oscar Wilde disait \u00ab\u00a0<em>Soyez vous-m\u00eame, les autres sont d\u00e9j\u00e0 pris<\/em>\u00a0\u00bb.<br \/>\r\nC\u2019est vrai aussi pour le contenu.<\/strong><\/span><\/p>\r\n<p>[\/vc_column_text][vc_empty_space height=\u00a0\u00bb25px\u00a0\u00bb][\/vc_column][\/vc_row][vc_row row_type=\u00a0\u00bbrow\u00a0\u00bb use_row_as_full_screen_section=\u00a0\u00bbno\u00a0\u00bb type=\u00a0\u00bbgrid\u00a0\u00bb text_align=\u00a0\u00bbleft\u00a0\u00bb background_animation=\u00a0\u00bbnone\u00a0\u00bb css_animation=\u00a0\u00bb\u00a0\u00bb css=\u00a0\u00bb.vc_custom_1592988523242{padding-top: 30px !important;}\u00a0\u00bb][vc_column width=\u00a0\u00bb1\/3&Prime;][vc_column_text]<\/p>\r\n<h2 style=\"text-align: center;\"><span style=\"text-decoration: underline;\"><a href=\"https:\/\/madras-editing.com\/conseil-editorial\/\"><span style=\"color: #ff6600;\"><strong>Conseil \u00e9ditorial<\/strong><\/span><\/a><\/span><\/h2>\r\n<p>&nbsp;<\/p>\r\n<p style=\"text-align: justify;\"><span style=\"color: #062bbb;\"><strong>Agence de communication \u00e9ditoriale, Madras Editing vous accompagne pour impulser une strat\u00e9gie de communication \u00e9ditoriale qui redonne souffle \u00e0 vos contenus.<\/strong><\/span><\/p>\r\n<p>[\/vc_column_text][\/vc_column][vc_column width=\u00a0\u00bb1\/3&Prime;][vc_column_text]<\/p>\r\n<h2 style=\"text-align: center;\"><span style=\"text-decoration: underline;\"><a href=\"https:\/\/madras-editing.com\/direction-editoriale-operationnelle\/\"><span style=\"color: #ff6600;\"><strong>Direction \u00e9ditoriale<\/strong><\/span><\/a><\/span><\/h2>\r\n<p>&nbsp;<\/p>\r\n<p style=\"text-align: justify;\"><span style=\"color: #062bbb;\"><strong>Coordination des parties prenantes, animation des comit\u00e9s \u00e9ditoriaux, planification de contenus, gestions des plannings\u2026 la team Madras s\u2019engage \u00e9nergiquement dans le pilotage de tous vos projets \u00e9ditoriaux. <\/strong><\/span><\/p>\r\n<p>[\/vc_column_text][\/vc_column][vc_column width=\u00a0\u00bb1\/3&Prime;][vc_column_text]<\/p>\r\n<h2 style=\"text-align: center;\"><span style=\"text-decoration: underline;\"><a href=\"https:\/\/madras-editing.com\/production-de-contenus-editoriaux\/\"><span style=\"color: #ff6600;\"><strong>Production de contenus<\/strong><\/span><\/a><\/span><\/h2>\r\n<p>&nbsp;<\/p>\r\n<p style=\"text-align: justify;\"><span style=\"color: #062bbb;\"><strong>Sc\u00e9narisation de vos \u00e9crits, conception-r\u00e9daction, r\u00e9\u00e9criture, cr\u00e9ation graphique\u2026 Madras Editing produit des contenus qui font sens ! <\/strong><\/span><\/p>\r\n<p>[\/vc_column_text][\/vc_column][\/vc_row][vc_row row_type=\u00a0\u00bbrow\u00a0\u00bb use_row_as_full_screen_section=\u00a0\u00bbno\u00a0\u00bb type=\u00a0\u00bbfull_width\u00a0\u00bb text_align=\u00a0\u00bbleft\u00a0\u00bb background_animation=\u00a0\u00bbnone\u00a0\u00bb css_animation=\u00a0\u00bb\u00a0\u00bb][vc_column][vc_empty_space height=\u00a0\u00bb60px\u00a0\u00bb][vc_column_text]<\/p>\r\n<h2 style=\"text-align: center;\">ACTUALIT\u00c9S<\/h2>\r\n<p>[\/vc_column_text][vc_empty_space height=\u00a0\u00bb90px\u00a0\u00bb][\/vc_column][\/vc_row][vc_row row_type=\u00a0\u00bbrow\u00a0\u00bb use_row_as_full_screen_section=\u00a0\u00bbno\u00a0\u00bb type=\u00a0\u00bbgrid\u00a0\u00bb text_align=\u00a0\u00bbleft\u00a0\u00bb background_animation=\u00a0\u00bbnone\u00a0\u00bb css_animation=\u00a0\u00bb\u00a0\u00bb][vc_column]<div class='latest_post_holder boxes three_columns one_row'><ul><li class=\"clearfix\"><div class=\"boxes_image\"><a href=\"https:\/\/madras-editing.com\/web\/2023\/12\/madras-sponsorise-un-evenement-dedie-a-lintelligence-artificielle\/\"><img loading=\"lazy\" decoding=\"async\" width=\"550\" height=\"423\" src=\"https:\/\/madras-editing.com\/wp-content\/uploads\/2023\/12\/Image1-1-550x423.jpg\" class=\"attachment-portfolio-default size-portfolio-default wp-post-image\" alt=\"\" \/><span class=\"latest_post_overlay\"><i class=\"icon_plus\" aria-hidden=\"true\"><\/i><\/span><\/a><\/div><div class=\"latest_post\" ><div class=\"latest_post_text\"><span class=\"date_holder post_info_section\"><span class=\"date\">14 d\u00e9cembre, 2023<\/span><\/span><div class=\"latest_post_categories post_info_section\"><a href=\"https:\/\/madras-editing.com\/web\/category\/la-vie-de-l-agence\/\">La vie de l'agence <\/a> <\/div><h4 class=\"latest_post_title \"><a href=\"https:\/\/madras-editing.com\/web\/2023\/12\/madras-sponsorise-un-evenement-dedie-a-lintelligence-artificielle\/\">Madras sponsorise un \u00e9v\u00e9nement d\u00e9di\u00e9 \u00e0 l\u2019intelligence artificielle<\/a><\/h4><p class=\"excerpt\">Organis\u00e9e par le Club d\u2019Entreprises DEBA, ...<\/p><\/div><\/div><\/li><li class=\"clearfix\"><div class=\"boxes_image\"><a href=\"https:\/\/madras-editing.com\/web\/2023\/07\/madras-editing-au-service-de-son-alt-s\/\"><img loading=\"lazy\" decoding=\"async\" width=\"550\" height=\"498\" src=\"https:\/\/madras-editing.com\/wp-content\/uploads\/2023\/07\/Capture-decran-2023-07-06-162757-550x498.png\" class=\"attachment-portfolio-default size-portfolio-default wp-post-image\" alt=\"Alt-s, centre agr\u00e9e\" srcset=\"https:\/\/madras-editing.com\/wp-content\/uploads\/2023\/07\/Capture-decran-2023-07-06-162757-550x498.png 550w, https:\/\/madras-editing.com\/wp-content\/uploads\/2023\/07\/Capture-decran-2023-07-06-162757-480x434.png 480w, https:\/\/madras-editing.com\/wp-content\/uploads\/2023\/07\/Capture-decran-2023-07-06-162757-125x112.png 125w\" sizes=\"auto, (max-width: 550px) 100vw, 550px\" \/><span class=\"latest_post_overlay\"><i class=\"icon_plus\" aria-hidden=\"true\"><\/i><\/span><\/a><\/div><div class=\"latest_post\" ><div class=\"latest_post_text\"><span class=\"date_holder post_info_section\"><span class=\"date\">11 juillet, 2023<\/span><\/span><div class=\"latest_post_categories post_info_section\"><a href=\"https:\/\/madras-editing.com\/web\/category\/digital\/\">Digital <\/a> <a href=\"https:\/\/madras-editing.com\/web\/category\/conseil-editorial\/\">Conseil \u00e9ditorial <\/a> <\/div><h4 class=\"latest_post_title \"><a href=\"https:\/\/madras-editing.com\/web\/2023\/07\/madras-editing-au-service-de-son-alt-s\/\">Madras Editing au service de son Alt-S !<\/a><\/h4><p class=\"excerpt\">Pour les besoins en informatique et en t\u00e9l\u00e9...<\/p><\/div><\/div><\/li><li class=\"clearfix\"><div class=\"boxes_image\"><a href=\"https:\/\/madras-editing.com\/web\/2023\/07\/pas-un-mais-deux-rapports-pour-eneal\/\"><img loading=\"lazy\" decoding=\"async\" width=\"550\" height=\"498\" src=\"https:\/\/madras-editing.com\/wp-content\/uploads\/2023\/07\/eneal-550x498.jpg\" class=\"attachment-portfolio-default size-portfolio-default wp-post-image\" alt=\"Rapports produits par Madras pour En\u00e9al\" srcset=\"https:\/\/madras-editing.com\/wp-content\/uploads\/2023\/07\/eneal-550x498.jpg 550w, https:\/\/madras-editing.com\/wp-content\/uploads\/2023\/07\/eneal-480x434.jpg 480w, https:\/\/madras-editing.com\/wp-content\/uploads\/2023\/07\/eneal-125x112.jpg 125w\" sizes=\"auto, (max-width: 550px) 100vw, 550px\" \/><span class=\"latest_post_overlay\"><i class=\"icon_plus\" aria-hidden=\"true\"><\/i><\/span><\/a><\/div><div class=\"latest_post\" ><div class=\"latest_post_text\"><span class=\"date_holder post_info_section\"><span class=\"date\">4 juillet, 2023<\/span><\/span><div class=\"latest_post_categories post_info_section\"><a href=\"https:\/\/madras-editing.com\/web\/category\/rapports-annuels\/\">Rapports annuels <\/a> <a href=\"https:\/\/madras-editing.com\/web\/category\/digital\/\">Digital <\/a> <a href=\"https:\/\/madras-editing.com\/web\/category\/print\/\">Print <\/a> <a href=\"https:\/\/madras-editing.com\/web\/category\/conseil-editorial\/\">Conseil \u00e9ditorial <\/a> <\/div><h4 class=\"latest_post_title \"><a href=\"https:\/\/madras-editing.com\/web\/2023\/07\/pas-un-mais-deux-rapports-pour-eneal\/\">Pas un, mais deux rapports pour \u00c9n\u00e9al !<\/a><\/h4><p class=\"excerpt\">En 2023, \u00c9n\u00e9al, la fonci\u00e8re m\u00e9dico-social...<\/p><\/div><\/div><\/li><\/ul><\/div>[vc_column_text]<\/p>\r\n<h4 style=\"text-align: center;\"><a href=\"https:\/\/madras-editing.com\/actus\/\"><strong>EN VOIR +<\/strong><\/a><\/h4>\r\n<p>[\/vc_column_text][\/vc_column][\/vc_row][vc_row row_type=\u00a0\u00bbrow\u00a0\u00bb use_row_as_full_screen_section=\u00a0\u00bbno\u00a0\u00bb type=\u00a0\u00bbfull_width\u00a0\u00bb text_align=\u00a0\u00bbleft\u00a0\u00bb background_animation=\u00a0\u00bbnone\u00a0\u00bb css_animation=\u00a0\u00bb\u00a0\u00bb][vc_column][vc_empty_space height=\u00a0\u00bb90px\u00a0\u00bb][\/vc_column][\/vc_row]<\/p>\r\n<\/div>","protected":false},"excerpt":{"rendered":"<p>[vc_row row_type=\u00a0\u00bbrow\u00a0\u00bb use_row_as_full_screen_section=\u00a0\u00bbno\u00a0\u00bb type=\u00a0\u00bbfull_width\u00a0\u00bb text_align=\u00a0\u00bbleft\u00a0\u00bb background_animation=\u00a0\u00bbnone\u00a0\u00bb css_animation=\u00a0\u00bb\u00a0\u00bb][vc_column][rev_slider_vc alias=\u00a0\u00bbaccueil\u00a0\u00bb][\/vc_column][\/vc_row][vc_row row_type=\u00a0\u00bbrow\u00a0\u00bb use_row_as_full_screen_section=\u00a0\u00bbno\u00a0\u00bb type=\u00a0\u00bbgrid\u00a0\u00bb text_align=\u00a0\u00bbleft\u00a0\u00bb background_animation=\u00a0\u00bbnone\u00a0\u00bb css_animation=\u00a0\u00bb\u00a0\u00bb css=\u00a0\u00bb.vc_custom_1579523099523{padding-top: 70px !important;}\u00a0\u00bb][vc_column][vc_column_text css=\u00a0\u00bb\u00a0\u00bb] Une agence en communication \u00e9ditoriale pour vous accompagner vraiment. &nbsp; Nous, on s\u2019immerge dans votre culture d\u2019entreprise, on est comme \u00e7a. Rassurez-vous, nous ne sommes pas intrusifs,&#8230;<\/p>\n","protected":false},"author":10,"featured_media":0,"parent":0,"menu_order":0,"comment_status":"closed","ping_status":"closed","template":"full_width.php","meta":{"_monsterinsights_skip_tracking":false,"_monsterinsights_sitenote_active":false,"_monsterinsights_sitenote_note":"","_monsterinsights_sitenote_category":0,"footnotes":""},"class_list":["post-2793","page","type-page","status-publish","hentry"],"yoast_head":"<!-- This site is optimized with the Yoast SEO plugin v26.0 - https:\/\/yoast.com\/wordpress\/plugins\/seo\/ -->\n<title>Agence en communication \u00e9ditoriale - Madras Editing<\/title>\n<meta name=\"description\" content=\"Agence de communication \u00e9ditoriale, Madras Editing vous accompagne pour cr\u00e9er une strat\u00e9gie de communication qui donne du caract\u00e8re \u00e0 votre \u00e9ditorial.\" \/>\n<meta name=\"robots\" content=\"index, follow, max-snippet:-1, max-image-preview:large, max-video-preview:-1\" \/>\n<link rel=\"canonical\" href=\"https:\/\/madras-editing.com\/web\/\" \/>\n<meta property=\"og:locale\" content=\"fr_FR\" \/>\n<meta property=\"og:type\" content=\"article\" \/>\n<meta property=\"og:title\" content=\"Agence en communication \u00e9ditoriale - Madras Editing\" \/>\n<meta property=\"og:description\" content=\"Agence de communication \u00e9ditoriale, Madras Editing vous accompagne pour cr\u00e9er une strat\u00e9gie de communication qui donne du caract\u00e8re \u00e0 votre \u00e9ditorial.\" \/>\n<meta property=\"og:url\" content=\"https:\/\/madras-editing.com\/web\/\" \/>\n<meta property=\"og:site_name\" content=\"Madras Editing\" \/>\n<meta property=\"article:modified_time\" content=\"2025-09-25T07:55:45+00:00\" \/>\n<meta name=\"twitter:card\" content=\"summary_large_image\" \/>\n<meta name=\"twitter:label1\" content=\"Dur\u00e9e de lecture estim\u00e9e\" \/>\n\t<meta name=\"twitter:data1\" content=\"2 minutes\" \/>\n<script type=\"application\/ld+json\" class=\"yoast-schema-graph\">{\"@context\":\"https:\/\/schema.org\",\"@graph\":[{\"@type\":\"WebPage\",\"@id\":\"https:\/\/madras-editing.com\/web\/\",\"url\":\"https:\/\/madras-editing.com\/web\/\",\"name\":\"Agence en communication \u00e9ditoriale - Madras Editing\",\"isPartOf\":{\"@id\":\"https:\/\/madras-editing.com\/web\/#website\"},\"datePublished\":\"2020-01-06T15:23:45+00:00\",\"dateModified\":\"2025-09-25T07:55:45+00:00\",\"description\":\"Agence de communication \u00e9ditoriale, Madras Editing vous accompagne pour cr\u00e9er une strat\u00e9gie de communication qui donne du caract\u00e8re \u00e0 votre \u00e9ditorial.\",\"breadcrumb\":{\"@id\":\"https:\/\/madras-editing.com\/web\/#breadcrumb\"},\"inLanguage\":\"fr-FR\",\"potentialAction\":[{\"@type\":\"ReadAction\",\"target\":[\"https:\/\/madras-editing.com\/web\/\"]}]},{\"@type\":\"BreadcrumbList\",\"@id\":\"https:\/\/madras-editing.com\/web\/#breadcrumb\",\"itemListElement\":[{\"@type\":\"ListItem\",\"position\":1,\"name\":\"Accueil\",\"item\":\"https:\/\/madras-editing.com\/web\/\"},{\"@type\":\"ListItem\",\"position\":2,\"name\":\"Agence en communication \u00e9ditoriale\"}]},{\"@type\":\"WebSite\",\"@id\":\"https:\/\/madras-editing.com\/web\/#website\",\"url\":\"https:\/\/madras-editing.com\/web\/\",\"name\":\"Madras Editing\",\"description\":\"L\u2019\u00e9ditorial strat\u00e9gique\",\"publisher\":{\"@id\":\"https:\/\/madras-editing.com\/web\/#organization\"},\"potentialAction\":[{\"@type\":\"SearchAction\",\"target\":{\"@type\":\"EntryPoint\",\"urlTemplate\":\"https:\/\/madras-editing.com\/web\/?s={search_term_string}\"},\"query-input\":{\"@type\":\"PropertyValueSpecification\",\"valueRequired\":true,\"valueName\":\"search_term_string\"}}],\"inLanguage\":\"fr-FR\"},{\"@type\":\"Organization\",\"@id\":\"https:\/\/madras-editing.com\/web\/#organization\",\"name\":\"Madras Editing\",\"url\":\"https:\/\/madras-editing.com\/web\/\",\"logo\":{\"@type\":\"ImageObject\",\"inLanguage\":\"fr-FR\",\"@id\":\"https:\/\/madras-editing.com\/web\/#\/schema\/logo\/image\/\",\"url\":\"https:\/\/madras-editing.com\/wp-content\/uploads\/2020\/01\/madras-logo.png\",\"contentUrl\":\"https:\/\/madras-editing.com\/wp-content\/uploads\/2020\/01\/madras-logo.png\",\"width\":488,\"height\":175,\"caption\":\"Madras Editing\"},\"image\":{\"@id\":\"https:\/\/madras-editing.com\/web\/#\/schema\/logo\/image\/\"}}]}<\/script>\n<!-- \/ Yoast SEO plugin. -->","yoast_head_json":{"title":"Agence en communication \u00e9ditoriale - Madras Editing","description":"Agence de communication \u00e9ditoriale, Madras Editing vous accompagne pour cr\u00e9er une strat\u00e9gie de communication qui donne du caract\u00e8re \u00e0 votre \u00e9ditorial.","robots":{"index":"index","follow":"follow","max-snippet":"max-snippet:-1","max-image-preview":"max-image-preview:large","max-video-preview":"max-video-preview:-1"},"canonical":"https:\/\/madras-editing.com\/web\/","og_locale":"fr_FR","og_type":"article","og_title":"Agence en communication \u00e9ditoriale - Madras Editing","og_description":"Agence de communication \u00e9ditoriale, Madras Editing vous accompagne pour cr\u00e9er une strat\u00e9gie de communication qui donne du caract\u00e8re \u00e0 votre \u00e9ditorial.","og_url":"https:\/\/madras-editing.com\/web\/","og_site_name":"Madras Editing","article_modified_time":"2025-09-25T07:55:45+00:00","twitter_card":"summary_large_image","twitter_misc":{"Dur\u00e9e de lecture estim\u00e9e":"2 minutes"},"schema":{"@context":"https:\/\/schema.org","@graph":[{"@type":"WebPage","@id":"https:\/\/madras-editing.com\/web\/","url":"https:\/\/madras-editing.com\/web\/","name":"Agence en communication \u00e9ditoriale - Madras Editing","isPartOf":{"@id":"https:\/\/madras-editing.com\/web\/#website"},"datePublished":"2020-01-06T15:23:45+00:00","dateModified":"2025-09-25T07:55:45+00:00","description":"Agence de communication \u00e9ditoriale, Madras Editing vous accompagne pour cr\u00e9er une strat\u00e9gie de communication qui donne du caract\u00e8re \u00e0 votre \u00e9ditorial.","breadcrumb":{"@id":"https:\/\/madras-editing.com\/web\/#breadcrumb"},"inLanguage":"fr-FR","potentialAction":[{"@type":"ReadAction","target":["https:\/\/madras-editing.com\/web\/"]}]},{"@type":"BreadcrumbList","@id":"https:\/\/madras-editing.com\/web\/#breadcrumb","itemListElement":[{"@type":"ListItem","position":1,"name":"Accueil","item":"https:\/\/madras-editing.com\/web\/"},{"@type":"ListItem","position":2,"name":"Agence en communication \u00e9ditoriale"}]},{"@type":"WebSite","@id":"https:\/\/madras-editing.com\/web\/#website","url":"https:\/\/madras-editing.com\/web\/","name":"Madras Editing","description":"L\u2019\u00e9ditorial strat\u00e9gique","publisher":{"@id":"https:\/\/madras-editing.com\/web\/#organization"},"potentialAction":[{"@type":"SearchAction","target":{"@type":"EntryPoint","urlTemplate":"https:\/\/madras-editing.com\/web\/?s={search_term_string}"},"query-input":{"@type":"PropertyValueSpecification","valueRequired":true,"valueName":"search_term_string"}}],"inLanguage":"fr-FR"},{"@type":"Organization","@id":"https:\/\/madras-editing.com\/web\/#organization","name":"Madras Editing","url":"https:\/\/madras-editing.com\/web\/","logo":{"@type":"ImageObject","inLanguage":"fr-FR","@id":"https:\/\/madras-editing.com\/web\/#\/schema\/logo\/image\/","url":"https:\/\/madras-editing.com\/wp-content\/uploads\/2020\/01\/madras-logo.png","contentUrl":"https:\/\/madras-editing.com\/wp-content\/uploads\/2020\/01\/madras-logo.png","width":488,"height":175,"caption":"Madras Editing"},"image":{"@id":"https:\/\/madras-editing.com\/web\/#\/schema\/logo\/image\/"}}]}},"_links":{"self":[{"href":"https:\/\/madras-editing.com\/web\/wp-json\/wp\/v2\/pages\/2793","targetHints":{"allow":["GET"]}}],"collection":[{"href":"https:\/\/madras-editing.com\/web\/wp-json\/wp\/v2\/pages"}],"about":[{"href":"https:\/\/madras-editing.com\/web\/wp-json\/wp\/v2\/types\/page"}],"author":[{"embeddable":true,"href":"https:\/\/madras-editing.com\/web\/wp-json\/wp\/v2\/users\/10"}],"replies":[{"embeddable":true,"href":"https:\/\/madras-editing.com\/web\/wp-json\/wp\/v2\/comments?post=2793"}],"version-history":[{"count":60,"href":"https:\/\/madras-editing.com\/web\/wp-json\/wp\/v2\/pages\/2793\/revisions"}],"predecessor-version":[{"id":3731,"href":"https:\/\/madras-editing.com\/web\/wp-json\/wp\/v2\/pages\/2793\/revisions\/3731"}],"wp:attachment":[{"href":"https:\/\/madras-editing.com\/web\/wp-json\/wp\/v2\/media?parent=2793"}],"curies":[{"name":"wp","href":"https:\/\/api.w.org\/{rel}","templated":true}]}}