{"id":2594,"date":"2018-05-30T18:25:38","date_gmt":"2018-05-30T16:25:38","guid":{"rendered":"https:\/\/madras-editing.com\/?page_id=2594"},"modified":"2018-06-12T16:47:59","modified_gmt":"2018-06-12T14:47:59","slug":"politique-de-confidentialite","status":"publish","type":"page","link":"https:\/\/madras-editing.com\/web\/politique-de-confidentialite\/","title":{"rendered":"Politique de confidentialit\u00e9"},"content":{"rendered":"<h1>Politique de confidentialit\u00e9<\/h1>\r\nMadras Editing s&rsquo;engage \u00e0 prot\u00e9ger votre vie priv\u00e9e. Contactez-nous si vous avez des questions ou des probl\u00e8mes concernant l&rsquo;utilisation de vos donn\u00e9es personnelles et nous serons heureux de vous aider.\r\n\r\nEn utilisant ce site et \/ ou nos services, vous acceptez le traitement de vos donn\u00e9es personnelles tel que d\u00e9crit dans cette politique de confidentialit\u00e9.\r\n<h3>Table des mati\u00e8res<\/h3>\r\n<ol>\r\n \t<li><a href=\"#gdpr-definitions\">D\u00e9finitions utilis\u00e9es dans cette politique<\/a><\/li>\r\n \t<li><a href=\"#gdpr-principles\">Principes de protection des donn\u00e9es que nous suivons<\/a><\/li>\r\n \t<li><a href=\"#gdpr-rights\">Quels droits avez-vous sur vos donn\u00e9es personnelles?<\/a><\/li>\r\n \t<li><a href=\"#gdpr-information\">Quelles donn\u00e9es personnelles nous recueillons \u00e0 votre sujet<\/a><\/li>\r\n \t<li><a href=\"#gdpr-processing\">Comment utilisons-nous vos donn\u00e9es personnelles<\/a><\/li>\r\n \t<li><a href=\"#gdpr-sharing\">Qui d&rsquo;autre a acc\u00e8s \u00e0 vos donn\u00e9es personnelles<\/a><\/li>\r\n \t<li><a href=\"#gdpr-security\">Comment nous s\u00e9curisons vos donn\u00e9es<\/a><\/li>\r\n \t<li><a href=\"#gdpr-cookies\">Informations sur les cookies<\/a><\/li>\r\n \t<li><a href=\"#gdpr-contact\">Informations de contact<\/a><\/li>\r\n<\/ol>\r\n<h3 id=\"gdpr-definitions\">D\u00e9finitions<\/h3>\r\n<strong>Donn\u00e9es personnelles<\/strong>\u00a0\u2013 toute information relative \u00e0 une personne physique identifi\u00e9e ou identifiable.\r\n<strong>Processing<\/strong>\u00a0\u2013 toute op\u00e9ration ou ensemble d&rsquo;op\u00e9rations qui est effectu\u00e9 sur des donn\u00e9es personnelles ou sur des ensembles de donn\u00e9es personnelles.\r\n<strong>Sujet de donn\u00e9es<\/strong>\u00a0&#8211; une personne physique dont les donn\u00e9es personnelles sont en cours de traitement.\r\n<strong>Enfant<\/strong> &#8211;\u00a0une personne physique de moins de 16 ans.\r\n<strong>Nous\/vous<\/strong> (capitalis\u00e9 ou non)\u00a0\u2013\r\n<h3 id=\"gdpr-principes\">Principes de protection des donn\u00e9es<\/h3>\r\nNous nous engageons \u00e0 respecter les principes de protection des donn\u00e9es suivants:\r\n<ul>\r\n \t<li>Le traitement est l\u00e9gal, juste, transparent. Nos activit\u00e9s de traitement ont des motifs l\u00e9gitimes. Nous consid\u00e9rons toujours vos droits avant de traiter les donn\u00e9es personnelles. Nous vous fournirons des informations concernant le traitement sur demande.<\/li>\r\n \t<li>Le traitement est limit\u00e9 \u00e0 l&rsquo;objectif. Nos activit\u00e9s de traitement correspondent \u00e0 l&rsquo;objectif pour lequel les donn\u00e9es personnelles ont \u00e9t\u00e9 collect\u00e9es.<\/li>\r\n \t<li>Le traitement est effectu\u00e9 avec un minimum de donn\u00e9es. Nous collectons et traitons uniquement la quantit\u00e9 minimale de donn\u00e9es personnelles requises \u00e0 quelque fin que ce soit.<\/li>\r\n \t<li>Le traitement est limit\u00e9 avec une p\u00e9riode de temps. Nous ne conserverons pas vos donn\u00e9es personnelles plus longtemps que n\u00e9cessaire.<\/li>\r\n \t<li>Nous ferons de notre mieux pour assurer l&rsquo;exactitude des donn\u00e9es.<\/li>\r\n \t<li>Nous ferons de notre mieux pour assurer l&rsquo;int\u00e9grit\u00e9 et la confidentialit\u00e9 des donn\u00e9es.<\/li>\r\n<\/ul>\r\n<h3 id=\"gdpr-rights\">Droits du sujet de donn\u00e9es<\/h3>\r\nLe sujet de donn\u00e9es a les droits suivants:\r\n<ol>\r\n \t<li>Droit \u00e0 l&rsquo;information &#8211; ce qui signifie que vous devez savoir si vos donn\u00e9es personnelles sont en cours de traitement; quelles sont les donn\u00e9es collect\u00e9es, d&rsquo;o\u00f9 elles proviennent et pourquoi et par qui elles sont trait\u00e9es.<\/li>\r\n \t<li>Droit d&rsquo;acc\u00e8s &#8211; ce qui signifie que vous avez le droit d&rsquo;acc\u00e9der aux donn\u00e9es collect\u00e9es de \/ \u00e0 votre sujet. Cela inclut votre droit de demander et d&rsquo;obtenir une copie de vos donn\u00e9es personnelles recueillies.<\/li>\r\n \t<li>Droit de rectification &#8211; ce qui signifie que vous avez le droit de demander la rectification ou l&rsquo;effacement de vos donn\u00e9es personnelles qui sont inexactes ou incompl\u00e8tes.<\/li>\r\n \t<li>Droit d&rsquo;effacement &#8211; ce qui signifie que dans certaines circonstances, vous pouvez demander que vos donn\u00e9es personnelles soient effac\u00e9es de nos archives.<\/li>\r\n \t<li>Droit de restreindre le traitement &#8211; signifiant que certaines conditions s&rsquo;appliquent, vous avez le droit de restreindre le traitement de vos donn\u00e9es personnelles.<\/li>\r\n \t<li>Droit d&rsquo;opposition au traitement &#8211; ce qui signifie dans certains cas que vous avez le droit de vous opposer au traitement de vos donn\u00e9es personnelles, par exemple dans le cas du marketing direct.<\/li>\r\n \t<li>Droit de s&rsquo;opposer au traitement automatis\u00e9 &#8211; ce qui signifie que vous avez le droit de vous opposer au traitement automatis\u00e9, y compris le profilage; et ne pas \u00eatre soumis \u00e0 une d\u00e9cision bas\u00e9e uniquement sur le traitement automatis\u00e9. Ce droit, vous pouvez exercer chaque fois qu&rsquo;il y a un r\u00e9sultat du profilage qui produit des effets juridiques concernant ou vous affectant de mani\u00e8re significative.<\/li>\r\n \t<li>Droit \u00e0 la portabilit\u00e9 des donn\u00e9es &#8211; vous avez le droit d&rsquo;obtenir vos donn\u00e9es personnelles dans un format lisible par machine ou, si cela est faisable, comme un transfert direct d&rsquo;un processeur \u00e0 un autre.<\/li>\r\n \t<li>Droit de d\u00e9poser une plainte &#8211; dans le cas o\u00f9 nous refusons votre demande en vertu des droits d&rsquo;acc\u00e8s, nous vous fournirons une raison pour laquelle. Si vous n&rsquo;\u00eates pas satisfait de la mani\u00e8re dont votre demande a \u00e9t\u00e9 trait\u00e9e, veuillez nous contacter.<\/li>\r\n \t<li>Droit \u00e0 l&rsquo;aide de\u00a0<a href=\"#gdpr-contact\">autorit\u00e9 de surveillance<\/a>\u00a0\u2013 ce qui signifie que vous avez le droit \u00e0 l&rsquo;aide d&rsquo;une autorit\u00e9 de surveillance et le droit d&rsquo;autres recours juridiques tels que la demande de dommages-int\u00e9r\u00eats.<\/li>\r\n \t<li>Droit de retirer votre consentement &#8211; vous avez le droit de retirer tout consentement donn\u00e9 pour le traitement de vos donn\u00e9es personnelles.<\/li>\r\n<\/ol>\r\nVous pouvez cliquez sur ce lien pour <a href=\"https:\/\/madras-editing.com\/exercer-mes-droits\/\">exercer vos droits<\/a>\r\n<h3 id=\"gdpr-information\">Donn\u00e9es que nous recueillons<\/h3>\r\n<strong>Informations que vous nous avez fournies \u00e0 partir du site<\/strong>\r\nVotre adresse email.\r\n\r\nCette informations est n\u00e9cessaires pour vous livrer un service ou pour am\u00e9liorer votre exp\u00e9rience client avec nous. Nous enregistrons les informations que vous nous fournissez afin que vous puissiez effectuer d&rsquo;autres activit\u00e9s sur le site Web.\r\n\r\n<strong>Informations collect\u00e9es automatiquement \u00e0 votre sujet<\/strong>\r\nCela inclut les informations stock\u00e9es automatiquement par les cookies et autres outils de session. Par exemple,\u00a0 votre adresse IP, etc. Ces informations sont utilis\u00e9es pour am\u00e9liorer votre exp\u00e9rience client. Lorsque vous utilisez nos services ou que vous consultez le contenu de notre site Web, vos activit\u00e9s peuvent \u00eatre consign\u00e9es.\r\n\r\n<strong>Informations de nos partenaires<\/strong>\r\nNous recueillons des informations aupr\u00e8s de nos partenaires de confiance avec la confirmation qu&rsquo;ils ont des raisons l\u00e9gales de partager ces informations avec nous. Ce sont soit des informations que vous leur avez fournies directement ou qu&rsquo;ils ont recueillies \u00e0 votre sujet pour d&rsquo;autres motifs juridiques.\r\n\r\nListe de nos partenaires : Mailpoet &#8211; Twitter &#8211; Google plus &#8211; Linkedin &#8211; You Tube\r\n\r\n<strong>Information publique<\/strong>\r\nNous pourrions recueillir des informations \u00e0 votre sujet qui sont publiquement disponibles.\r\n<h3 id=\"gdpr-processing\">Comment utilisons-nous vos donn\u00e9es personnelles<\/h3>\r\nNous utilisons vos donn\u00e9es personnelles pour:\r\n<ul>\r\n \t<li>fournir notre service \u00e0 vous. Ceci inclut par exemple l&rsquo;enregistrement de votre compte; vous fournir d&rsquo;autres produits et services que vous avez demand\u00e9s; vous fournir des articles promotionnels \u00e0 votre demande et communiquer avec vous relativement \u00e0 ces produits et services; communiquer et interagir avec vous; et vous informer des changements apport\u00e9s aux services.<\/li>\r\n \t<li>am\u00e9liorer votre exp\u00e9rience client<\/li>\r\n \t<li>remplir une obligation l\u00e9gale ou contractuelle.<\/li>\r\n<\/ul>\r\nNous utilisons vos donn\u00e9es personnelles pour des motifs l\u00e9gitimes et \/ ou avec votre consentement.\r\n\r\nEn raison de la conclusion d&rsquo;un contrat ou de l&rsquo;ex\u00e9cution d&rsquo;obligations contractuelles, nous traitons vos donn\u00e9es personnelles aux fins suivantes:\r\n<ul>\r\n \t<li>pour vous identifier<\/li>\r\n \t<li>vous fournir un service ou vous envoyer des informations<\/li>\r\n<\/ul>\r\nSur la base d&rsquo;un int\u00e9r\u00eat l\u00e9gitime, nous traitons vos donn\u00e9es personnelles aux fins suivantes:\r\n<ul>\r\n \t<li>pour vous envoyer des offres personnalis\u00e9es *;<\/li>\r\n \t<li>administrer et analyser notre client\u00e8le (comportement et historique) afin d&rsquo;am\u00e9liorer la qualit\u00e9, la vari\u00e9t\u00e9 et la disponibilit\u00e9 des produits \/ services offerts \/ fournis;<\/li>\r\n \t<li>mener des questionnaires sur la satisfaction des clients.<\/li>\r\n<\/ul>\r\nTant que vous ne nous avez pas inform\u00e9s autrement, nous envisageons de vous proposer des services similaires ou identiques \u00e0 votre historique \/ comportement de navigation.\r\n\r\nAvec votre consentement, nous traitons vos donn\u00e9es personnelles aux fins suivantes:\r\n\r\nvous envoyer des bulletins d&rsquo;information, newsletter et campagnes emailings uniquement de notre part.\r\n\r\nNous traitons vos donn\u00e9es personnelles afin de remplir les obligations d\u00e9coulant de la loi et \/ ou utiliser vos donn\u00e9es personnelles pour les options pr\u00e9vues par la loi. Nous nous r\u00e9servons le droit d&rsquo;anonymiser les donn\u00e9es personnelles recueillies et d&rsquo;utiliser ces donn\u00e9es. Nous n&rsquo;utiliserons des donn\u00e9es en dehors du champ d&rsquo;application de cette politique que si elles sont anonymis\u00e9es. Nous sauvegardons vos informations de facturation et autres informations recueillies \u00e0 votre sujet aussi longtemps que n\u00e9cessaire pour des raisons comptables ou d&rsquo;autres obligations d\u00e9coulant de la loi.\r\n\r\nNous pourrions traiter vos donn\u00e9es personnelles \u00e0 d&rsquo;autres fins qui ne sont pas mentionn\u00e9es ici, mais qui sont compatibles avec l&rsquo;objectif initial pour lequel les donn\u00e9es ont \u00e9t\u00e9 collect\u00e9es. Pour ce faire, nous veillerons \u00e0 ce que:\r\n<ul>\r\n \t<li>le lien entre les finalit\u00e9s, le contexte et la nature des donn\u00e9es personnelles soit adapt\u00e9 \u00e0 un traitement ult\u00e9rieur;<\/li>\r\n \t<li>le traitement ult\u00e9rieur ne nuise pas \u00e0 vos int\u00e9r\u00eats et<\/li>\r\n \t<li>qu&rsquo;il y est une sauvegarde appropri\u00e9e pour le traitement.<\/li>\r\n<\/ul>\r\nNous vous informerons de tout traitement ult\u00e9rieur.\r\n<h3 id=\"gdpr-sharing\">Qui d&rsquo;autre peut acc\u00e9der \u00e0 vos donn\u00e9es personnelles<\/h3>\r\nNous ne partageons pas vos donn\u00e9es personnelles avec des \u00e9trangers. Dans certains cas, des donn\u00e9es personnelles vous concernant sont fournies \u00e0 nos partenaires de confiance afin de vous permettre de vous fournir le service ou d&rsquo;am\u00e9liorer votre exp\u00e9rience client. Nous partageons vos donn\u00e9es avec:\r\n\r\n<strong>Nos partenaires de traitement:<\/strong>\r\n<ul>\r\n \t<li>Mailpoete<\/li>\r\n<\/ul>\r\n<strong>Nos partenaires d&rsquo;affaires:<\/strong>\r\n<ul>\r\n \t<li>Nous n&rsquo;avons ps de partenaires d&rsquo;affaire<\/li>\r\n<\/ul>\r\n<strong>Tiers connect\u00e9s:<\/strong>\r\n<ul>\r\n \t<li>Google Analytics<\/li>\r\n<\/ul>\r\nNous travaillons uniquement avec des partenaires de traitement capables d&rsquo;assurer un niveau ad\u00e9quat de protection de vos donn\u00e9es personnelles. Nous divulguons vos donn\u00e9es personnelles \u00e0 des tiers ou \u00e0 des fonctionnaires lorsque nous sommes l\u00e9galement tenus de le faire. Nous pourrions divulguer vos donn\u00e9es personnelles \u00e0 des tiers si vous y avez consenti ou s&rsquo;il existe d&rsquo;autres motifs l\u00e9gaux.\r\n<h3 id=\"gdpr-security\">Comment nous s\u00e9curisons vos donn\u00e9es<\/h3>\r\nNous faisons de notre mieux pour prot\u00e9ger vos donn\u00e9es personnelles. Nous utilisons des protocoles s\u00e9curis\u00e9s pour la communication et le transfert de donn\u00e9es (tel que HTTPS). Nous utilisons l&rsquo;anonymisation et le pseudonymage lorsque cela est appropri\u00e9. Nous surveillons nos syst\u00e8mes pour d\u00e9tecter d&rsquo;\u00e9ventuelles vuln\u00e9rabilit\u00e9s et attaques avec Wordfence s\u00e9curity\r\n\r\nM\u00eame si nous faisons de notre mieux, nous ne pouvons pas garantir la s\u00e9curit\u00e9 de l&rsquo;information. Cependant, nous nous engageons \u00e0 informer les autorit\u00e9s comp\u00e9tentes des violations de donn\u00e9es. Nous vous aviserons \u00e9galement s&rsquo;il existe une menace pour vos droits ou int\u00e9r\u00eats. Nous ferons tout ce qui est raisonnablement possible pour pr\u00e9venir les violations de la s\u00e9curit\u00e9 et aider les autorit\u00e9s en cas de violation.\r\n\r\nSi vous avez un compte chez nous, sachez que vous devez garder votre nom d&rsquo;utilisateur et votre mot de passe secrets.\r\n<h3>Enfants<\/h3>\r\nNous n&rsquo;avons pas l&rsquo;intention de recueillir ou sciemment recueillir des informations aupr\u00e8s des enfants. Nous ne ciblons pas les enfants avec nos services.\r\n<h3 id=\"gdpr-cookies\">Cookies et autres technologies que nous utilisons<\/h3>\r\nNous utilisons des cookies et \/ ou des technologies similaires pour analyser le comportement des clients, administrer le site Web, suivre les mouvements des utilisateurs et collecter des informations sur les utilisateurs. Ceci est fait afin de personnaliser et d&rsquo;am\u00e9liorer votre exp\u00e9rience avec nous.\r\n\r\nUn cookie est un petit fichier texte stock\u00e9 sur votre ordinateur. Les cookies stockent les informations utilis\u00e9es pour aider \u00e0 faire fonctionner les sites. Seulement nous pouvons acc\u00e9der aux cookies cr\u00e9\u00e9s par notre site Web. Vous pouvez contr\u00f4ler vos cookies au niveau du navigateur. Choisir de d\u00e9sactiver les cookies peut vous emp\u00eacher d&rsquo;utiliser certaines fonctions.\r\n\r\n<strong>Nous utilisons des cookies aux fins suivantes:<\/strong>\r\n<ul>\r\n \t<li>Cookies n\u00e9cessaires: ces cookies sont n\u00e9cessaires pour que vous puissiez utiliser certaines fonctionnalit\u00e9s importantes sur notre site Web, telles que la connexion. Ces cookies ne collectent aucune information personnelle.<\/li>\r\n \t<li>Cookies de fonctionnalit\u00e9 &#8211; ces cookies fournissent des fonctionnalit\u00e9s qui rendent l&rsquo;utilisation de notre service plus pratique et permettent d&rsquo;offrir des fonctionnalit\u00e9s plus personnalis\u00e9es. Par exemple, ils peuvent se souvenir de votre nom et de votre adresse e-mail dans des formulaires de commentaire. Vous n&rsquo;avez donc pas besoin de ressaisir cette information la prochaine fois que vous commentez.<\/li>\r\n \t<li>Cookies analytiques &#8211; ces cookies sont utilis\u00e9s pour suivre l&rsquo;utilisation et la performance de notre site web et de nos services<\/li>\r\n \t<li>Cookies publicitaires: Nous n&rsquo;utilisons pas de cookies publicitaires.<\/li>\r\n<\/ul>\r\nVous pouvez g\u00e9rer les cookies en utilisant le gestionnaire de cookies situ\u00e9 en bas de page.\r\n\r\nVous pouvez supprimer les cookies stock\u00e9s dans votre ordinateur via les param\u00e8tres de votre navigateur. Vous pouvez \u00e9galement contr\u00f4ler certains cookies tiers en utilisant une plate-forme d&rsquo;am\u00e9lioration de la confidentialit\u00e9, telle que <a href=\"http:\/\/optout.aboutads.info\/#!\/\" target=\"_blank\" rel=\"noopener\">optout.aboutads.info<\/a> or <a href=\"http:\/\/www.youronlinechoices.com\/\" target=\"_blank\" rel=\"noopener\">youronlinechoices.com<\/a>. Pour plus d&rsquo;informations sur les cookies, visitez <a href=\"http:\/\/www.allaboutcookies.org\" target=\"_blank\" rel=\"noopener\">allaboutcookies.org<\/a>.\r\n\r\nNous utilisons Google Analytics pour mesurer le trafic sur notre site Web. Google a sa propre politique de confidentialit\u00e9 que vous pouvez consulter <a href=\"https:\/\/support.google.com\/analytics\/answer\/6004245\" target=\"_blank\" rel=\"noopener\">ici<\/a>. Si vous souhaitez d\u00e9sactiver le suivi par Google Analytics, visiter le <a href=\"https:\/\/tools.google.com\/dlpage\/gaoptout\" target=\"_blank\" rel=\"noopener\">Google Analytics page de d\u00e9sactivation<\/a>.\r\n<h3 id=\"gdpr-contact\">Informations de contact<\/h3>\r\nMadras Editing \u00a01 Passage d\u2019Enfer 75014 Paris &#8211; France &#8211; contact@madras-editing.com\r\n<h3 id=\"gdpr-changes\">Modifications de cette politique de confidentialit\u00e9<\/h3>\r\nNous nous r\u00e9servons le droit d&rsquo;apporter des modifications \u00e0 cette politique de confidentialit\u00e9.\r\nDerni\u00e8re modification a \u00e9t\u00e9 faite le 30\/05\/2018","protected":false},"excerpt":{"rendered":"<p>Politique de confidentialit\u00e9 Madras Editing s&rsquo;engage \u00e0 prot\u00e9ger votre vie priv\u00e9e. Contactez-nous si vous avez des questions ou des probl\u00e8mes concernant l&rsquo;utilisation de vos donn\u00e9es personnelles et nous serons heureux de vous aider. En utilisant ce site et \/ ou nos services, vous acceptez le&#8230;<\/p>\n","protected":false},"author":8,"featured_media":0,"parent":0,"menu_order":0,"comment_status":"closed","ping_status":"closed","template":"","meta":{"_monsterinsights_skip_tracking":false,"_monsterinsights_sitenote_active":false,"_monsterinsights_sitenote_note":"","_monsterinsights_sitenote_category":0,"footnotes":""},"class_list":["post-2594","page","type-page","status-publish","hentry"],"yoast_head":"<!-- This site is optimized with the Yoast SEO plugin v26.0 - https:\/\/yoast.com\/wordpress\/plugins\/seo\/ -->\n<title>Politique de confidentialit\u00e9 - Madras Editing<\/title>\n<meta name=\"robots\" content=\"index, follow, max-snippet:-1, max-image-preview:large, max-video-preview:-1\" \/>\n<link rel=\"canonical\" href=\"https:\/\/madras-editing.com\/web\/politique-de-confidentialite\/\" \/>\n<meta property=\"og:locale\" content=\"fr_FR\" \/>\n<meta property=\"og:type\" content=\"article\" \/>\n<meta property=\"og:title\" content=\"Politique de confidentialit\u00e9 - Madras Editing\" \/>\n<meta property=\"og:description\" content=\"Politique de confidentialit\u00e9 Madras Editing s&rsquo;engage \u00e0 prot\u00e9ger votre vie priv\u00e9e. Contactez-nous si vous avez des questions ou des probl\u00e8mes concernant l&rsquo;utilisation de vos donn\u00e9es personnelles et nous serons heureux de vous aider. En utilisant ce site et \/ ou nos services, vous acceptez le...\" \/>\n<meta property=\"og:url\" content=\"https:\/\/madras-editing.com\/web\/politique-de-confidentialite\/\" \/>\n<meta property=\"og:site_name\" content=\"Madras Editing\" \/>\n<meta property=\"article:modified_time\" content=\"2018-06-12T14:47:59+00:00\" \/>\n<meta name=\"twitter:card\" content=\"summary_large_image\" \/>\n<meta name=\"twitter:label1\" content=\"Dur\u00e9e de lecture estim\u00e9e\" \/>\n\t<meta name=\"twitter:data1\" content=\"11 minutes\" \/>\n<script type=\"application\/ld+json\" class=\"yoast-schema-graph\">{\"@context\":\"https:\/\/schema.org\",\"@graph\":[{\"@type\":\"WebPage\",\"@id\":\"https:\/\/madras-editing.com\/web\/politique-de-confidentialite\/\",\"url\":\"https:\/\/madras-editing.com\/web\/politique-de-confidentialite\/\",\"name\":\"Politique de confidentialit\u00e9 - Madras Editing\",\"isPartOf\":{\"@id\":\"https:\/\/madras-editing.com\/web\/#website\"},\"datePublished\":\"2018-05-30T16:25:38+00:00\",\"dateModified\":\"2018-06-12T14:47:59+00:00\",\"breadcrumb\":{\"@id\":\"https:\/\/madras-editing.com\/web\/politique-de-confidentialite\/#breadcrumb\"},\"inLanguage\":\"fr-FR\",\"potentialAction\":[{\"@type\":\"ReadAction\",\"target\":[\"https:\/\/madras-editing.com\/web\/politique-de-confidentialite\/\"]}]},{\"@type\":\"BreadcrumbList\",\"@id\":\"https:\/\/madras-editing.com\/web\/politique-de-confidentialite\/#breadcrumb\",\"itemListElement\":[{\"@type\":\"ListItem\",\"position\":1,\"name\":\"Accueil\",\"item\":\"https:\/\/madras-editing.com\/web\/\"},{\"@type\":\"ListItem\",\"position\":2,\"name\":\"Politique de confidentialit\u00e9\"}]},{\"@type\":\"WebSite\",\"@id\":\"https:\/\/madras-editing.com\/web\/#website\",\"url\":\"https:\/\/madras-editing.com\/web\/\",\"name\":\"Madras Editing\",\"description\":\"L\u2019\u00e9ditorial strat\u00e9gique\",\"publisher\":{\"@id\":\"https:\/\/madras-editing.com\/web\/#organization\"},\"potentialAction\":[{\"@type\":\"SearchAction\",\"target\":{\"@type\":\"EntryPoint\",\"urlTemplate\":\"https:\/\/madras-editing.com\/web\/?s={search_term_string}\"},\"query-input\":{\"@type\":\"PropertyValueSpecification\",\"valueRequired\":true,\"valueName\":\"search_term_string\"}}],\"inLanguage\":\"fr-FR\"},{\"@type\":\"Organization\",\"@id\":\"https:\/\/madras-editing.com\/web\/#organization\",\"name\":\"Madras Editing\",\"url\":\"https:\/\/madras-editing.com\/web\/\",\"logo\":{\"@type\":\"ImageObject\",\"inLanguage\":\"fr-FR\",\"@id\":\"https:\/\/madras-editing.com\/web\/#\/schema\/logo\/image\/\",\"url\":\"https:\/\/madras-editing.com\/wp-content\/uploads\/2020\/01\/madras-logo.png\",\"contentUrl\":\"https:\/\/madras-editing.com\/wp-content\/uploads\/2020\/01\/madras-logo.png\",\"width\":488,\"height\":175,\"caption\":\"Madras Editing\"},\"image\":{\"@id\":\"https:\/\/madras-editing.com\/web\/#\/schema\/logo\/image\/\"}}]}<\/script>\n<!-- \/ Yoast SEO plugin. -->","yoast_head_json":{"title":"Politique de confidentialit\u00e9 - Madras Editing","robots":{"index":"index","follow":"follow","max-snippet":"max-snippet:-1","max-image-preview":"max-image-preview:large","max-video-preview":"max-video-preview:-1"},"canonical":"https:\/\/madras-editing.com\/web\/politique-de-confidentialite\/","og_locale":"fr_FR","og_type":"article","og_title":"Politique de confidentialit\u00e9 - Madras Editing","og_description":"Politique de confidentialit\u00e9 Madras Editing s&rsquo;engage \u00e0 prot\u00e9ger votre vie priv\u00e9e. Contactez-nous si vous avez des questions ou des probl\u00e8mes concernant l&rsquo;utilisation de vos donn\u00e9es personnelles et nous serons heureux de vous aider. En utilisant ce site et \/ ou nos services, vous acceptez le...","og_url":"https:\/\/madras-editing.com\/web\/politique-de-confidentialite\/","og_site_name":"Madras Editing","article_modified_time":"2018-06-12T14:47:59+00:00","twitter_card":"summary_large_image","twitter_misc":{"Dur\u00e9e de lecture estim\u00e9e":"11 minutes"},"schema":{"@context":"https:\/\/schema.org","@graph":[{"@type":"WebPage","@id":"https:\/\/madras-editing.com\/web\/politique-de-confidentialite\/","url":"https:\/\/madras-editing.com\/web\/politique-de-confidentialite\/","name":"Politique de confidentialit\u00e9 - Madras Editing","isPartOf":{"@id":"https:\/\/madras-editing.com\/web\/#website"},"datePublished":"2018-05-30T16:25:38+00:00","dateModified":"2018-06-12T14:47:59+00:00","breadcrumb":{"@id":"https:\/\/madras-editing.com\/web\/politique-de-confidentialite\/#breadcrumb"},"inLanguage":"fr-FR","potentialAction":[{"@type":"ReadAction","target":["https:\/\/madras-editing.com\/web\/politique-de-confidentialite\/"]}]},{"@type":"BreadcrumbList","@id":"https:\/\/madras-editing.com\/web\/politique-de-confidentialite\/#breadcrumb","itemListElement":[{"@type":"ListItem","position":1,"name":"Accueil","item":"https:\/\/madras-editing.com\/web\/"},{"@type":"ListItem","position":2,"name":"Politique de confidentialit\u00e9"}]},{"@type":"WebSite","@id":"https:\/\/madras-editing.com\/web\/#website","url":"https:\/\/madras-editing.com\/web\/","name":"Madras Editing","description":"L\u2019\u00e9ditorial strat\u00e9gique","publisher":{"@id":"https:\/\/madras-editing.com\/web\/#organization"},"potentialAction":[{"@type":"SearchAction","target":{"@type":"EntryPoint","urlTemplate":"https:\/\/madras-editing.com\/web\/?s={search_term_string}"},"query-input":{"@type":"PropertyValueSpecification","valueRequired":true,"valueName":"search_term_string"}}],"inLanguage":"fr-FR"},{"@type":"Organization","@id":"https:\/\/madras-editing.com\/web\/#organization","name":"Madras Editing","url":"https:\/\/madras-editing.com\/web\/","logo":{"@type":"ImageObject","inLanguage":"fr-FR","@id":"https:\/\/madras-editing.com\/web\/#\/schema\/logo\/image\/","url":"https:\/\/madras-editing.com\/wp-content\/uploads\/2020\/01\/madras-logo.png","contentUrl":"https:\/\/madras-editing.com\/wp-content\/uploads\/2020\/01\/madras-logo.png","width":488,"height":175,"caption":"Madras Editing"},"image":{"@id":"https:\/\/madras-editing.com\/web\/#\/schema\/logo\/image\/"}}]}},"_links":{"self":[{"href":"https:\/\/madras-editing.com\/web\/wp-json\/wp\/v2\/pages\/2594","targetHints":{"allow":["GET"]}}],"collection":[{"href":"https:\/\/madras-editing.com\/web\/wp-json\/wp\/v2\/pages"}],"about":[{"href":"https:\/\/madras-editing.com\/web\/wp-json\/wp\/v2\/types\/page"}],"author":[{"embeddable":true,"href":"https:\/\/madras-editing.com\/web\/wp-json\/wp\/v2\/users\/8"}],"replies":[{"embeddable":true,"href":"https:\/\/madras-editing.com\/web\/wp-json\/wp\/v2\/comments?post=2594"}],"version-history":[{"count":5,"href":"https:\/\/madras-editing.com\/web\/wp-json\/wp\/v2\/pages\/2594\/revisions"}],"predecessor-version":[{"id":2619,"href":"https:\/\/madras-editing.com\/web\/wp-json\/wp\/v2\/pages\/2594\/revisions\/2619"}],"wp:attachment":[{"href":"https:\/\/madras-editing.com\/web\/wp-json\/wp\/v2\/media?parent=2594"}],"curies":[{"name":"wp","href":"https:\/\/api.w.org\/{rel}","templated":true}]}}