{"id":2590,"date":"2018-05-30T18:00:58","date_gmt":"2018-05-30T16:00:58","guid":{"rendered":"https:\/\/madras-editing.com\/?page_id=2590"},"modified":"2022-01-31T14:35:59","modified_gmt":"2022-01-31T13:35:59","slug":"cookies","status":"publish","type":"page","link":"https:\/\/madras-editing.com\/web\/cookies\/","title":{"rendered":"Cookies"},"content":{"rendered":"Un cookie est un petit fichier texte stock\u00e9 sur votre ordinateur. Les cookies stockent les informations utilis\u00e9es pour aider \u00e0 faire fonctionner les sites. Seulement nous pouvons acc\u00e9der aux cookies cr\u00e9\u00e9s par notre site Web. Vous pouvez contr\u00f4ler vos cookies au niveau du navigateur. Choisir de d\u00e9sactiver les cookies peut vous emp\u00eacher d&rsquo;utiliser certaines fonctions.\r\n\r\n<strong>Nous utilisons des cookies aux fins suivantes:<\/strong>\r\n<ul>\r\n \t<li>Cookies n\u00e9cessaires: ces cookies sont n\u00e9cessaires pour que vous puissiez utiliser certaines fonctionnalit\u00e9s importantes sur notre site Web, telles que la connexion. Ces cookies ne collectent aucune information personnelle.<\/li>\r\n \t<li>Cookies de fonctionnalit\u00e9 &#8211; ces cookies fournissent des fonctionnalit\u00e9s qui rendent l&rsquo;utilisation de notre service plus pratique et permettent d&rsquo;offrir des fonctionnalit\u00e9s plus personnalis\u00e9es. Par exemple, ils peuvent se souvenir de votre nom et de votre adresse e-mail dans des formulaires de commentaire. Vous n&rsquo;avez donc pas besoin de ressaisir cette information la prochaine fois que vous commentez.<\/li>\r\n \t<li>Cookies analytiques &#8211; ces cookies sont utilis\u00e9s pour suivre l&rsquo;utilisation et la performance de notre site web et de nos services<\/li>\r\n \t<li>Cookies publicitaires: Nous n&rsquo;utilisons pas de cookies publicitaires.<\/li>\r\n<\/ul>\r\nLes cookies sur ce site.\r\n\r\nLes cookies qui peuvent \u00eatre d\u00e9pos\u00e9s par le site lors de votre navigation, ne comportent absolument aucun risque et sont juste destin\u00e9s, principalement \u00e0:\r\n\r\n\u2013 assurer le bon fonctionnement des diff\u00e9rents scripts utilis\u00e9s pour son codage.\r\n\u2013 assurer son suivi via les outils fournis par \u2018 Google Analytics\u2019.\r\n\u2013 assurer le bon fonctionnement des boutons de partages sociaux.\r\n\r\nNous utilisons Google Analytics pour mesurer le trafic sur notre site Web. Google a sa propre politique de confidentialit\u00e9 que vous pouvez consulter <a href=\"https:\/\/support.google.com\/analytics\/answer\/6004245\" target=\"_blank\" rel=\"noopener noreferrer\">ici<\/a>. Si vous souhaitez d\u00e9sactiver le suivi par Google Analytics, visiter le <a href=\"https:\/\/tools.google.com\/dlpage\/gaoptout\" target=\"_blank\" rel=\"noopener noreferrer\">Google Analytics page de d\u00e9sactivation<\/a>.\r\n\r\n<strong>Voici comment contr\u00f4ler ou emp\u00eacher l&rsquo;enregistrement des cookies :<\/strong>\r\n\r\nVous pouvez utiliser la \u00ab\u00a0<strong>Gestion des services<\/strong>\u00a0\u00bb en bas de page \u00e0 droite,\r\n\r\nOu\r\n\r\nLa configuration de chaque navigateur est diff\u00e9rente. Elle est d\u00e9crite dans le menu d&rsquo;aide de votre navigateur, qui vous permettra de savoir de quelle mani\u00e8re modifier vos souhaits en mati\u00e8re de cookies.\r\n\r\nVous pouvez d\u00e9sactiver les cookies en suivant les instructions comme suit :\r\n\r\n1\/ si vous utilisez le navigateur Internet Explorer\r\n\r\nDans Internet Explorer, cliquez sur le bouton Outils, puis sur Options Internet.\r\nSous l&rsquo;onglet G\u00e9n\u00e9ral, sous Historique de navigation, cliquez sur Param\u00e8tres.\r\nCliquez sur le bouton Afficher les fichiers.\r\nCliquez sur l&rsquo;en-t\u00eate de colonne Nom pour trier tous les fichiers dans l&rsquo;ordre alphab\u00e9tique, puis parcourez la liste jusqu&rsquo;\u00e0 ce que vous voyez des fichiers commen\u00e7ant par le pr\u00e9fixe \u00bb Cookie \u00ab. (tous les cookies poss\u00e8dent ce pr\u00e9fixe et contiennent habituellement le nom du site Web qui a cr\u00e9\u00e9 le cookie).\r\nS\u00e9lectionnez le ou les cookies comprenant le nom \u00bb dominiquedenjean\u00a0\u00ab et supprimez-les\r\nFermez la fen\u00eatre qui contient la liste des fichiers, puis cliquez deux fois sur OK pour retourner dans Internet Explorer.\r\n\r\n2\/ si vous utilisez le navigateur Firefox\r\n\r\nAllez dans l&rsquo;onglet \u00bb Outils \u00ab du navigateur puis s\u00e9lectionnez le menu \u00bb Options \u00ab\r\nDans la fen\u00eatre qui s&rsquo;affiche, choisissez \u00bb Vie priv\u00e9e \u00ab et cliquez sur \u00bb Affichez les cookies\r\nRep\u00e9rez les fichiers qui contiennent le nom \u00bb dominiquedenjean \u00ab S\u00e9lectionnez-les et supprimez-les.\r\n\r\n3\/ si vous utilisez le navigateur Safari\r\n\r\nDans votre navigateur, choisissez le menu \u00c9dition &gt; Pr\u00e9f\u00e9rences.\r\nCliquez sur S\u00e9curit\u00e9.\r\nCliquez sur Afficher les cookies.\r\nS\u00e9lectionnez les cookies qui contiennent le nom \u00bb dominiquedenjean \u00ab et cliquez sur Effacer ou sur Tout effacer.\r\nApr\u00e8s avoir supprim\u00e9 les cookies, cliquez sur Termin\u00e9.\r\n\r\n4\/ si vous utilisez le navigateur Google Chrome\r\n\r\nCliquez sur l&rsquo;ic\u00f4ne du menu Outils.\r\nS\u00e9lectionnez Options.\r\nCliquez sur l&rsquo;onglet Options avanc\u00e9es et acc\u00e9dez \u00e0 la section \u00ab\u00a0Confidentialit\u00e9\u00a0\u00bb.\r\nCliquez sur le bouton Afficher les cookies.\r\nRep\u00e9rez les fichiers qui contiennent le nom \u00bb dominiquedenjean \u00ab S\u00e9lectionnez-les et supprimez-les.\r\nCliquez sur \u00bb Fermer \u00ab pour revenir \u00e0 votre navigateur\r\nLe param\u00e9trage sur une plateforme de gestion des cookies\r\nVous pouvez g\u00e9rer vos cookies en vous rendant sur des plateformes de gestion des cookies propos\u00e9es par les professionnels de la publicit\u00e9.\r\n\r\nEn savoir plus sur les cookies :\r\n\r\nPour tout savoir sur les cookies, vos traces, vos droits, la CNIL vous informe, ici : <a href=\"http:\/\/www.cnil.fr\/vos-droits\/vos-traces\/\" target=\"_blank\" rel=\"noopener noreferrer\">http:\/\/www.cnil.fr\/vos-droits\/vos-traces\/<\/a>\r\n<h3 id=\"gdpr-contact\">Informations de contact<\/h3>\r\n<strong id=\"gdpr-dpa\">Madras Editing &#8211; 1 Passage d\u2019Enfer 75014 Paris &#8211; France &#8211; <a href=\"mailto:contact@madras-editing.com\">contact@madras-editing.com<\/a><\/strong>\r\n<h3 id=\"gdpr-changes\">Modifications de cette politique de confidentialit\u00e9<\/h3>\r\nNous nous r\u00e9servons le droit d&rsquo;apporter des modifications \u00e0 cette politique de confidentialit\u00e9.\r\nDerni\u00e8re modification a \u00e9t\u00e9 faite le 30\/05\/2018","protected":false},"excerpt":{"rendered":"<p>Un cookie est un petit fichier texte stock\u00e9 sur votre ordinateur. Les cookies stockent les informations utilis\u00e9es pour aider \u00e0 faire fonctionner les sites. Seulement nous pouvons acc\u00e9der aux cookies cr\u00e9\u00e9s par notre site Web. Vous pouvez contr\u00f4ler vos cookies au niveau du navigateur. Choisir&#8230;<\/p>\n","protected":false},"author":8,"featured_media":0,"parent":0,"menu_order":0,"comment_status":"closed","ping_status":"closed","template":"","meta":{"_monsterinsights_skip_tracking":false,"_monsterinsights_sitenote_active":false,"_monsterinsights_sitenote_note":"","_monsterinsights_sitenote_category":0,"footnotes":""},"class_list":["post-2590","page","type-page","status-publish","hentry"],"yoast_head":"<!-- This site is optimized with the Yoast SEO plugin v26.0 - https:\/\/yoast.com\/wordpress\/plugins\/seo\/ -->\n<title>Cookies - Madras Editing<\/title>\n<meta name=\"robots\" content=\"index, follow, max-snippet:-1, max-image-preview:large, max-video-preview:-1\" \/>\n<link rel=\"canonical\" href=\"https:\/\/madras-editing.com\/web\/cookies\/\" \/>\n<meta property=\"og:locale\" content=\"fr_FR\" \/>\n<meta property=\"og:type\" content=\"article\" \/>\n<meta property=\"og:title\" content=\"Cookies - Madras Editing\" \/>\n<meta property=\"og:description\" content=\"Un cookie est un petit fichier texte stock\u00e9 sur votre ordinateur. Les cookies stockent les informations utilis\u00e9es pour aider \u00e0 faire fonctionner les sites. Seulement nous pouvons acc\u00e9der aux cookies cr\u00e9\u00e9s par notre site Web. Vous pouvez contr\u00f4ler vos cookies au niveau du navigateur. Choisir...\" \/>\n<meta property=\"og:url\" content=\"https:\/\/madras-editing.com\/web\/cookies\/\" \/>\n<meta property=\"og:site_name\" content=\"Madras Editing\" \/>\n<meta property=\"article:modified_time\" content=\"2022-01-31T13:35:59+00:00\" \/>\n<meta name=\"twitter:card\" content=\"summary_large_image\" \/>\n<meta name=\"twitter:label1\" content=\"Dur\u00e9e de lecture estim\u00e9e\" \/>\n\t<meta name=\"twitter:data1\" content=\"4 minutes\" \/>\n<script type=\"application\/ld+json\" class=\"yoast-schema-graph\">{\"@context\":\"https:\/\/schema.org\",\"@graph\":[{\"@type\":\"WebPage\",\"@id\":\"https:\/\/madras-editing.com\/web\/cookies\/\",\"url\":\"https:\/\/madras-editing.com\/web\/cookies\/\",\"name\":\"Cookies - Madras Editing\",\"isPartOf\":{\"@id\":\"https:\/\/madras-editing.com\/web\/#website\"},\"datePublished\":\"2018-05-30T16:00:58+00:00\",\"dateModified\":\"2022-01-31T13:35:59+00:00\",\"breadcrumb\":{\"@id\":\"https:\/\/madras-editing.com\/web\/cookies\/#breadcrumb\"},\"inLanguage\":\"fr-FR\",\"potentialAction\":[{\"@type\":\"ReadAction\",\"target\":[\"https:\/\/madras-editing.com\/web\/cookies\/\"]}]},{\"@type\":\"BreadcrumbList\",\"@id\":\"https:\/\/madras-editing.com\/web\/cookies\/#breadcrumb\",\"itemListElement\":[{\"@type\":\"ListItem\",\"position\":1,\"name\":\"Accueil\",\"item\":\"https:\/\/madras-editing.com\/web\/\"},{\"@type\":\"ListItem\",\"position\":2,\"name\":\"Cookies\"}]},{\"@type\":\"WebSite\",\"@id\":\"https:\/\/madras-editing.com\/web\/#website\",\"url\":\"https:\/\/madras-editing.com\/web\/\",\"name\":\"Madras Editing\",\"description\":\"L\u2019\u00e9ditorial strat\u00e9gique\",\"publisher\":{\"@id\":\"https:\/\/madras-editing.com\/web\/#organization\"},\"potentialAction\":[{\"@type\":\"SearchAction\",\"target\":{\"@type\":\"EntryPoint\",\"urlTemplate\":\"https:\/\/madras-editing.com\/web\/?s={search_term_string}\"},\"query-input\":{\"@type\":\"PropertyValueSpecification\",\"valueRequired\":true,\"valueName\":\"search_term_string\"}}],\"inLanguage\":\"fr-FR\"},{\"@type\":\"Organization\",\"@id\":\"https:\/\/madras-editing.com\/web\/#organization\",\"name\":\"Madras Editing\",\"url\":\"https:\/\/madras-editing.com\/web\/\",\"logo\":{\"@type\":\"ImageObject\",\"inLanguage\":\"fr-FR\",\"@id\":\"https:\/\/madras-editing.com\/web\/#\/schema\/logo\/image\/\",\"url\":\"https:\/\/madras-editing.com\/wp-content\/uploads\/2020\/01\/madras-logo.png\",\"contentUrl\":\"https:\/\/madras-editing.com\/wp-content\/uploads\/2020\/01\/madras-logo.png\",\"width\":488,\"height\":175,\"caption\":\"Madras Editing\"},\"image\":{\"@id\":\"https:\/\/madras-editing.com\/web\/#\/schema\/logo\/image\/\"}}]}<\/script>\n<!-- \/ Yoast SEO plugin. -->","yoast_head_json":{"title":"Cookies - Madras Editing","robots":{"index":"index","follow":"follow","max-snippet":"max-snippet:-1","max-image-preview":"max-image-preview:large","max-video-preview":"max-video-preview:-1"},"canonical":"https:\/\/madras-editing.com\/web\/cookies\/","og_locale":"fr_FR","og_type":"article","og_title":"Cookies - Madras Editing","og_description":"Un cookie est un petit fichier texte stock\u00e9 sur votre ordinateur. Les cookies stockent les informations utilis\u00e9es pour aider \u00e0 faire fonctionner les sites. Seulement nous pouvons acc\u00e9der aux cookies cr\u00e9\u00e9s par notre site Web. Vous pouvez contr\u00f4ler vos cookies au niveau du navigateur. Choisir...","og_url":"https:\/\/madras-editing.com\/web\/cookies\/","og_site_name":"Madras Editing","article_modified_time":"2022-01-31T13:35:59+00:00","twitter_card":"summary_large_image","twitter_misc":{"Dur\u00e9e de lecture estim\u00e9e":"4 minutes"},"schema":{"@context":"https:\/\/schema.org","@graph":[{"@type":"WebPage","@id":"https:\/\/madras-editing.com\/web\/cookies\/","url":"https:\/\/madras-editing.com\/web\/cookies\/","name":"Cookies - Madras Editing","isPartOf":{"@id":"https:\/\/madras-editing.com\/web\/#website"},"datePublished":"2018-05-30T16:00:58+00:00","dateModified":"2022-01-31T13:35:59+00:00","breadcrumb":{"@id":"https:\/\/madras-editing.com\/web\/cookies\/#breadcrumb"},"inLanguage":"fr-FR","potentialAction":[{"@type":"ReadAction","target":["https:\/\/madras-editing.com\/web\/cookies\/"]}]},{"@type":"BreadcrumbList","@id":"https:\/\/madras-editing.com\/web\/cookies\/#breadcrumb","itemListElement":[{"@type":"ListItem","position":1,"name":"Accueil","item":"https:\/\/madras-editing.com\/web\/"},{"@type":"ListItem","position":2,"name":"Cookies"}]},{"@type":"WebSite","@id":"https:\/\/madras-editing.com\/web\/#website","url":"https:\/\/madras-editing.com\/web\/","name":"Madras Editing","description":"L\u2019\u00e9ditorial strat\u00e9gique","publisher":{"@id":"https:\/\/madras-editing.com\/web\/#organization"},"potentialAction":[{"@type":"SearchAction","target":{"@type":"EntryPoint","urlTemplate":"https:\/\/madras-editing.com\/web\/?s={search_term_string}"},"query-input":{"@type":"PropertyValueSpecification","valueRequired":true,"valueName":"search_term_string"}}],"inLanguage":"fr-FR"},{"@type":"Organization","@id":"https:\/\/madras-editing.com\/web\/#organization","name":"Madras Editing","url":"https:\/\/madras-editing.com\/web\/","logo":{"@type":"ImageObject","inLanguage":"fr-FR","@id":"https:\/\/madras-editing.com\/web\/#\/schema\/logo\/image\/","url":"https:\/\/madras-editing.com\/wp-content\/uploads\/2020\/01\/madras-logo.png","contentUrl":"https:\/\/madras-editing.com\/wp-content\/uploads\/2020\/01\/madras-logo.png","width":488,"height":175,"caption":"Madras Editing"},"image":{"@id":"https:\/\/madras-editing.com\/web\/#\/schema\/logo\/image\/"}}]}},"_links":{"self":[{"href":"https:\/\/madras-editing.com\/web\/wp-json\/wp\/v2\/pages\/2590","targetHints":{"allow":["GET"]}}],"collection":[{"href":"https:\/\/madras-editing.com\/web\/wp-json\/wp\/v2\/pages"}],"about":[{"href":"https:\/\/madras-editing.com\/web\/wp-json\/wp\/v2\/types\/page"}],"author":[{"embeddable":true,"href":"https:\/\/madras-editing.com\/web\/wp-json\/wp\/v2\/users\/8"}],"replies":[{"embeddable":true,"href":"https:\/\/madras-editing.com\/web\/wp-json\/wp\/v2\/comments?post=2590"}],"version-history":[{"count":5,"href":"https:\/\/madras-editing.com\/web\/wp-json\/wp\/v2\/pages\/2590\/revisions"}],"predecessor-version":[{"id":3331,"href":"https:\/\/madras-editing.com\/web\/wp-json\/wp\/v2\/pages\/2590\/revisions\/3331"}],"wp:attachment":[{"href":"https:\/\/madras-editing.com\/web\/wp-json\/wp\/v2\/media?parent=2590"}],"curies":[{"name":"wp","href":"https:\/\/api.w.org\/{rel}","templated":true}]}}